{"id":1338,"date":"2014-02-26T11:16:21","date_gmt":"2014-02-26T10:16:21","guid":{"rendered":"http:\/\/s509616707.onlinehome.fr\/marina\/?page_id=1338"},"modified":"2018-05-23T11:27:38","modified_gmt":"2018-05-23T09:27:38","slug":"disabled-access-friendly","status":"publish","type":"page","link":"https:\/\/www.marina-holyder.com\/en\/disabled-access-friendly\/","title":{"rendered":"Disabled access"},"content":{"rendered":"<h2>Marina Holyder is accessible to the people in wheelchair.<\/h2>\n<div class=\"one_half\">\n<img loading=\"lazy\" decoding=\"async\" src=\"https:\/\/www.marina-holyder.com\/wp-content\/uploads\/2014\/02\/accessible-aux-personnes-en-fauteuil-roulant.jpg\" alt=\"Accessible aux personnes \u00e0 mobilit\u00e9 r\u00e9duite\" width=\"900\" height=\"600\" class=\"aligncenter size-full wp-image-7941\" srcset=\"https:\/\/www.marina-holyder.com\/wp-content\/uploads\/2014\/02\/accessible-aux-personnes-en-fauteuil-roulant.jpg 900w, https:\/\/www.marina-holyder.com\/wp-content\/uploads\/2014\/02\/accessible-aux-personnes-en-fauteuil-roulant-300x200.jpg 300w, https:\/\/www.marina-holyder.com\/wp-content\/uploads\/2014\/02\/accessible-aux-personnes-en-fauteuil-roulant-768x512.jpg 768w\" sizes=\"auto, (max-width: 900px) 100vw, 900px\" \/><br \/>\n<\/div>\n<div class=\"one_half last_column\">Specific parking spaces are available in front of the building of welcome. This one is accessible without walking nor lowering with regard to the parking lot.<\/p>\n<p>The swimming pool, the sauna, the hammam are accessible by means of an armchair of transfer provide you with in the cloakroom on simple demand.<\/p>\n<h4> Five housing of type(chap) Amaryllis is specifically adapted:<\/h4>\n<p><i class=\"fa fa-arrow-right\" aria-hidden=\"true\" style=\"padding-right:10px;\"><\/i>Switches at good height,<br \/>\n<i class=\"fa fa-arrow-right\" aria-hidden=\"true\" style=\"padding-right:10px;\"><\/i>lowered work plan in cooking,<br \/>\n<i class=\"fa fa-arrow-right\" aria-hidden=\"true\" style=\"padding-right:10px;\"><\/i>big shower-room with TOILETS allowing the evolution in armchair.<\/p>\n<p>We hope to improve even this year your welcom.<\/p>\n<p>During the reservation specify simply that you want a model &#8221; PMR &#8220;.<\/p>\n<p>See you soon in Marina Holyder<br \/>\n&nbsp;<br \/>\n<a class=\"btnR01 btnR01-secondary\" href=\"https:\/\/www.marina-holyder.com\/acces\/\" target=\"_blank\">T\u00e9l\u00e9phone : 03 26 72 84 04<\/a><\/p>\n<\/div>\n","protected":false},"excerpt":{"rendered":"<p>Marina Holyder is accessible to the people in wheelchair.<\/p>\n","protected":false},"author":2,"featured_media":0,"parent":0,"menu_order":0,"comment_status":"open","ping_status":"open","template":"","meta":{"footnotes":""},"class_list":["post-1338","page","type-page","status-publish","hentry"],"yoast_head":"<!-- This site is optimized with the Yoast SEO plugin v27.4 - https:\/\/yoast.com\/product\/yoast-seo-wordpress\/ -->\n<title>Disabled access - Location Lac du Der - R\u00e9sidence Marina Holyder<\/title>\n<meta name=\"robots\" content=\"index, follow, max-snippet:-1, max-image-preview:large, max-video-preview:-1\" \/>\n<link rel=\"canonical\" href=\"https:\/\/www.marina-holyder.com\/en\/disabled-access-friendly\/\" \/>\n<meta property=\"og:locale\" content=\"en_US\" \/>\n<meta property=\"og:type\" content=\"article\" \/>\n<meta property=\"og:title\" content=\"Disabled access - Location Lac du Der - R\u00e9sidence Marina Holyder\" \/>\n<meta property=\"og:description\" content=\"Marina Holyder is accessible to the people in wheelchair.\" \/>\n<meta property=\"og:url\" content=\"https:\/\/www.marina-holyder.com\/en\/disabled-access-friendly\/\" \/>\n<meta property=\"og:site_name\" content=\"Location Lac du Der - R\u00e9sidence Marina Holyder\" \/>\n<meta property=\"article:modified_time\" content=\"2018-05-23T09:27:38+00:00\" \/>\n<meta property=\"og:image\" content=\"https:\/\/www.marina-holyder.com\/wp-content\/uploads\/2014\/02\/accessible-aux-personnes-en-fauteuil-roulant.jpg\" \/>\n<meta name=\"twitter:card\" content=\"summary_large_image\" \/>\n<meta name=\"twitter:label1\" content=\"Est. reading time\" \/>\n\t<meta name=\"twitter:data1\" content=\"1 minute\" \/>\n<script type=\"application\/ld+json\" class=\"yoast-schema-graph\">{\"@context\":\"https:\\\/\\\/schema.org\",\"@graph\":[{\"@type\":\"WebPage\",\"@id\":\"https:\\\/\\\/www.marina-holyder.com\\\/en\\\/disabled-access-friendly\\\/\",\"url\":\"https:\\\/\\\/www.marina-holyder.com\\\/en\\\/disabled-access-friendly\\\/\",\"name\":\"Disabled access - Location Lac du Der - R\u00e9sidence Marina Holyder\",\"isPartOf\":{\"@id\":\"https:\\\/\\\/www.marina-holyder.com\\\/#website\"},\"primaryImageOfPage\":{\"@id\":\"https:\\\/\\\/www.marina-holyder.com\\\/en\\\/disabled-access-friendly\\\/#primaryimage\"},\"image\":{\"@id\":\"https:\\\/\\\/www.marina-holyder.com\\\/en\\\/disabled-access-friendly\\\/#primaryimage\"},\"thumbnailUrl\":\"https:\\\/\\\/www.marina-holyder.com\\\/wp-content\\\/uploads\\\/2014\\\/02\\\/accessible-aux-personnes-en-fauteuil-roulant.jpg\",\"datePublished\":\"2014-02-26T10:16:21+00:00\",\"dateModified\":\"2018-05-23T09:27:38+00:00\",\"breadcrumb\":{\"@id\":\"https:\\\/\\\/www.marina-holyder.com\\\/en\\\/disabled-access-friendly\\\/#breadcrumb\"},\"inLanguage\":\"en-US\",\"potentialAction\":[{\"@type\":\"ReadAction\",\"target\":[\"https:\\\/\\\/www.marina-holyder.com\\\/en\\\/disabled-access-friendly\\\/\"]}]},{\"@type\":\"ImageObject\",\"inLanguage\":\"en-US\",\"@id\":\"https:\\\/\\\/www.marina-holyder.com\\\/en\\\/disabled-access-friendly\\\/#primaryimage\",\"url\":\"https:\\\/\\\/www.marina-holyder.com\\\/wp-content\\\/uploads\\\/2014\\\/02\\\/accessible-aux-personnes-en-fauteuil-roulant.jpg\",\"contentUrl\":\"https:\\\/\\\/www.marina-holyder.com\\\/wp-content\\\/uploads\\\/2014\\\/02\\\/accessible-aux-personnes-en-fauteuil-roulant.jpg\"},{\"@type\":\"BreadcrumbList\",\"@id\":\"https:\\\/\\\/www.marina-holyder.com\\\/en\\\/disabled-access-friendly\\\/#breadcrumb\",\"itemListElement\":[{\"@type\":\"ListItem\",\"position\":1,\"name\":\"Accueil\",\"item\":\"https:\\\/\\\/www.marina-holyder.com\\\/en\\\/\"},{\"@type\":\"ListItem\",\"position\":2,\"name\":\"Disabled access\"}]},{\"@type\":\"WebSite\",\"@id\":\"https:\\\/\\\/www.marina-holyder.com\\\/#website\",\"url\":\"https:\\\/\\\/www.marina-holyder.com\\\/\",\"name\":\"Location Lac du Der - R\u00e9sidence Marina Holyder\",\"description\":\"Locations de vacances au bord du lac du Der\",\"potentialAction\":[{\"@type\":\"SearchAction\",\"target\":{\"@type\":\"EntryPoint\",\"urlTemplate\":\"https:\\\/\\\/www.marina-holyder.com\\\/?s={search_term_string}\"},\"query-input\":{\"@type\":\"PropertyValueSpecification\",\"valueRequired\":true,\"valueName\":\"search_term_string\"}}],\"inLanguage\":\"en-US\"}]}<\/script>\n<!-- \/ Yoast SEO plugin. -->","yoast_head_json":{"title":"Disabled access - Location Lac du Der - R\u00e9sidence Marina Holyder","robots":{"index":"index","follow":"follow","max-snippet":"max-snippet:-1","max-image-preview":"max-image-preview:large","max-video-preview":"max-video-preview:-1"},"canonical":"https:\/\/www.marina-holyder.com\/en\/disabled-access-friendly\/","og_locale":"en_US","og_type":"article","og_title":"Disabled access - Location Lac du Der - R\u00e9sidence Marina Holyder","og_description":"Marina Holyder is accessible to the people in wheelchair.","og_url":"https:\/\/www.marina-holyder.com\/en\/disabled-access-friendly\/","og_site_name":"Location Lac du Der - R\u00e9sidence Marina Holyder","article_modified_time":"2018-05-23T09:27:38+00:00","og_image":[{"url":"https:\/\/www.marina-holyder.com\/wp-content\/uploads\/2014\/02\/accessible-aux-personnes-en-fauteuil-roulant.jpg","type":"","width":"","height":""}],"twitter_card":"summary_large_image","twitter_misc":{"Est. reading time":"1 minute"},"schema":{"@context":"https:\/\/schema.org","@graph":[{"@type":"WebPage","@id":"https:\/\/www.marina-holyder.com\/en\/disabled-access-friendly\/","url":"https:\/\/www.marina-holyder.com\/en\/disabled-access-friendly\/","name":"Disabled access - Location Lac du Der - R\u00e9sidence Marina Holyder","isPartOf":{"@id":"https:\/\/www.marina-holyder.com\/#website"},"primaryImageOfPage":{"@id":"https:\/\/www.marina-holyder.com\/en\/disabled-access-friendly\/#primaryimage"},"image":{"@id":"https:\/\/www.marina-holyder.com\/en\/disabled-access-friendly\/#primaryimage"},"thumbnailUrl":"https:\/\/www.marina-holyder.com\/wp-content\/uploads\/2014\/02\/accessible-aux-personnes-en-fauteuil-roulant.jpg","datePublished":"2014-02-26T10:16:21+00:00","dateModified":"2018-05-23T09:27:38+00:00","breadcrumb":{"@id":"https:\/\/www.marina-holyder.com\/en\/disabled-access-friendly\/#breadcrumb"},"inLanguage":"en-US","potentialAction":[{"@type":"ReadAction","target":["https:\/\/www.marina-holyder.com\/en\/disabled-access-friendly\/"]}]},{"@type":"ImageObject","inLanguage":"en-US","@id":"https:\/\/www.marina-holyder.com\/en\/disabled-access-friendly\/#primaryimage","url":"https:\/\/www.marina-holyder.com\/wp-content\/uploads\/2014\/02\/accessible-aux-personnes-en-fauteuil-roulant.jpg","contentUrl":"https:\/\/www.marina-holyder.com\/wp-content\/uploads\/2014\/02\/accessible-aux-personnes-en-fauteuil-roulant.jpg"},{"@type":"BreadcrumbList","@id":"https:\/\/www.marina-holyder.com\/en\/disabled-access-friendly\/#breadcrumb","itemListElement":[{"@type":"ListItem","position":1,"name":"Accueil","item":"https:\/\/www.marina-holyder.com\/en\/"},{"@type":"ListItem","position":2,"name":"Disabled access"}]},{"@type":"WebSite","@id":"https:\/\/www.marina-holyder.com\/#website","url":"https:\/\/www.marina-holyder.com\/","name":"Location Lac du Der - R\u00e9sidence Marina Holyder","description":"Locations de vacances au bord du lac du Der","potentialAction":[{"@type":"SearchAction","target":{"@type":"EntryPoint","urlTemplate":"https:\/\/www.marina-holyder.com\/?s={search_term_string}"},"query-input":{"@type":"PropertyValueSpecification","valueRequired":true,"valueName":"search_term_string"}}],"inLanguage":"en-US"}]}},"_links":{"self":[{"href":"https:\/\/www.marina-holyder.com\/en\/wp-json\/wp\/v2\/pages\/1338","targetHints":{"allow":["GET"]}}],"collection":[{"href":"https:\/\/www.marina-holyder.com\/en\/wp-json\/wp\/v2\/pages"}],"about":[{"href":"https:\/\/www.marina-holyder.com\/en\/wp-json\/wp\/v2\/types\/page"}],"author":[{"embeddable":true,"href":"https:\/\/www.marina-holyder.com\/en\/wp-json\/wp\/v2\/users\/2"}],"replies":[{"embeddable":true,"href":"https:\/\/www.marina-holyder.com\/en\/wp-json\/wp\/v2\/comments?post=1338"}],"version-history":[{"count":3,"href":"https:\/\/www.marina-holyder.com\/en\/wp-json\/wp\/v2\/pages\/1338\/revisions"}],"predecessor-version":[{"id":9031,"href":"https:\/\/www.marina-holyder.com\/en\/wp-json\/wp\/v2\/pages\/1338\/revisions\/9031"}],"wp:attachment":[{"href":"https:\/\/www.marina-holyder.com\/en\/wp-json\/wp\/v2\/media?parent=1338"}],"curies":[{"name":"wp","href":"https:\/\/api.w.org\/{rel}","templated":true}]}}