{"id":3307,"date":"2014-10-30T10:50:48","date_gmt":"2014-10-30T09:50:48","guid":{"rendered":"https:\/\/www.marina-holyder.com\/?page_id=3307"},"modified":"2018-05-24T10:57:02","modified_gmt":"2018-05-24T08:57:02","slug":"zuganglich-fur-personen-mit-eingeschrankter-mobilitat","status":"publish","type":"page","link":"https:\/\/www.marina-holyder.com\/de\/zuganglich-fur-personen-mit-eingeschrankter-mobilitat\/","title":{"rendered":"Zug\u00e4nglich f\u00fcr Personen mit eingeschr\u00e4nkter Mobilit\u00e4t"},"content":{"rendered":"<h2>Marina Holyder ist f\u00fcr die Personen im Rollstuhl zug\u00e4nglich.<\/h2>\n<div class=\"one_half\">\n<img loading=\"lazy\" decoding=\"async\" src=\"https:\/\/www.marina-holyder.com\/wp-content\/uploads\/2014\/02\/accessible-aux-personnes-en-fauteuil-roulant.jpg\" alt=\"Accessible aux personnes \u00e0 mobilit\u00e9 r\u00e9duite\" width=\"900\" height=\"600\" class=\"aligncenter size-full wp-image-7941\" srcset=\"https:\/\/www.marina-holyder.com\/wp-content\/uploads\/2014\/02\/accessible-aux-personnes-en-fauteuil-roulant.jpg 900w, https:\/\/www.marina-holyder.com\/wp-content\/uploads\/2014\/02\/accessible-aux-personnes-en-fauteuil-roulant-300x200.jpg 300w, https:\/\/www.marina-holyder.com\/wp-content\/uploads\/2014\/02\/accessible-aux-personnes-en-fauteuil-roulant-768x512.jpg 768w\" sizes=\"auto, (max-width: 900px) 100vw, 900px\" \/><br \/>\n<\/div>\n<div class=\"one_half last_column\">\nSpezifische Parkpl\u00e4tze sind vor dem Aufnahmegeb\u00e4ude verf\u00fcgbar. Dieser ist weder ohne Gang(Stufe) noch H\u00f6henunterschied im Vergleich zu Parkplatz zug\u00e4nglich.<\/p>\n<p>Das Schwimmbad, die Sauna, der hammam sind mit Hilfe eines \u00dcberweisungssessels zug\u00e4nglich (Ihr Sessel ist nicht gestattet) zu Ihrer Verf\u00fcgung in der Garderobe auf einfacher Anfrage legen.<\/p>\n<p><strong> F\u00fcnf Unterk\u00fcnfte von Typ Amarillis sind spezifisch angepasst:<\/strong><\/p>\n<ul>\n<li>Schalter in guter H\u00f6he,<\/li>\n<li>in der K\u00fcche surbaiss\u00e9 Arbeitsplan,<\/li>\n<li>Wasserhalle mit die Entwicklung im Sessel erlaubendem WC.<\/li>\n<\/ul>\n<p>Wir hoffen, noch in diesem Jahr Ihre Aufnahme zu verbessern.<\/p>\n<p>W\u00e4hrend der Reservierung pr\u00e4zisieren Sie einfach, da\u00df Sie ein Modell &#8220; PMR &#8220; wollen.<\/p>\n<h3>Telefon : 03 26 72 84 04<\/h3>\n<p>Bis bald in Marina Holyder<br \/>\n&nbsp;<br \/>\n<a class=\"btnR01 btnR01-secondary\" href=\"https:\/\/www.marina-holyder.com\/de\/lage\/\" target=\"_blank\">Telefon : 03 26 72 84 04<\/a><\/p>\n<\/div>\n","protected":false},"excerpt":{"rendered":"<p>Marina Holyder ist f\u00fcr die Personen im Rollstuhl zug\u00e4nglich.<\/p>\n","protected":false},"author":2,"featured_media":0,"parent":0,"menu_order":0,"comment_status":"open","ping_status":"open","template":"","meta":{"footnotes":""},"class_list":["post-3307","page","type-page","status-publish","hentry"],"yoast_head":"<!-- This site is optimized with the Yoast SEO plugin v27.4 - https:\/\/yoast.com\/product\/yoast-seo-wordpress\/ -->\n<title>Zug\u00e4nglich f\u00fcr Personen mit eingeschr\u00e4nkter Mobilit\u00e4t - Location Lac du Der - R\u00e9sidence Marina Holyder<\/title>\n<meta name=\"robots\" content=\"index, follow, max-snippet:-1, max-image-preview:large, max-video-preview:-1\" \/>\n<link rel=\"canonical\" href=\"https:\/\/www.marina-holyder.com\/de\/zuganglich-fur-personen-mit-eingeschrankter-mobilitat\/\" \/>\n<meta property=\"og:locale\" content=\"de_DE\" \/>\n<meta property=\"og:type\" content=\"article\" \/>\n<meta property=\"og:title\" content=\"Zug\u00e4nglich f\u00fcr Personen mit eingeschr\u00e4nkter Mobilit\u00e4t - Location Lac du Der - R\u00e9sidence Marina Holyder\" \/>\n<meta property=\"og:description\" content=\"Marina Holyder ist f\u00fcr die Personen im Rollstuhl zug\u00e4nglich.\" \/>\n<meta property=\"og:url\" content=\"https:\/\/www.marina-holyder.com\/de\/zuganglich-fur-personen-mit-eingeschrankter-mobilitat\/\" \/>\n<meta property=\"og:site_name\" content=\"Location Lac du Der - R\u00e9sidence Marina Holyder\" \/>\n<meta property=\"article:modified_time\" content=\"2018-05-24T08:57:02+00:00\" \/>\n<meta property=\"og:image\" content=\"https:\/\/www.marina-holyder.com\/wp-content\/uploads\/2014\/02\/accessible-aux-personnes-en-fauteuil-roulant.jpg\" \/>\n<meta name=\"twitter:card\" content=\"summary_large_image\" \/>\n<meta name=\"twitter:label1\" content=\"Gesch\u00e4tzte Lesezeit\" \/>\n\t<meta name=\"twitter:data1\" content=\"1\u00a0Minute\" \/>\n<script type=\"application\/ld+json\" class=\"yoast-schema-graph\">{\"@context\":\"https:\\\/\\\/schema.org\",\"@graph\":[{\"@type\":\"WebPage\",\"@id\":\"https:\\\/\\\/www.marina-holyder.com\\\/de\\\/zuganglich-fur-personen-mit-eingeschrankter-mobilitat\\\/\",\"url\":\"https:\\\/\\\/www.marina-holyder.com\\\/de\\\/zuganglich-fur-personen-mit-eingeschrankter-mobilitat\\\/\",\"name\":\"Zug\u00e4nglich f\u00fcr Personen mit eingeschr\u00e4nkter Mobilit\u00e4t - Location Lac du Der - R\u00e9sidence Marina Holyder\",\"isPartOf\":{\"@id\":\"https:\\\/\\\/www.marina-holyder.com\\\/#website\"},\"primaryImageOfPage\":{\"@id\":\"https:\\\/\\\/www.marina-holyder.com\\\/de\\\/zuganglich-fur-personen-mit-eingeschrankter-mobilitat\\\/#primaryimage\"},\"image\":{\"@id\":\"https:\\\/\\\/www.marina-holyder.com\\\/de\\\/zuganglich-fur-personen-mit-eingeschrankter-mobilitat\\\/#primaryimage\"},\"thumbnailUrl\":\"https:\\\/\\\/www.marina-holyder.com\\\/wp-content\\\/uploads\\\/2014\\\/02\\\/accessible-aux-personnes-en-fauteuil-roulant.jpg\",\"datePublished\":\"2014-10-30T09:50:48+00:00\",\"dateModified\":\"2018-05-24T08:57:02+00:00\",\"breadcrumb\":{\"@id\":\"https:\\\/\\\/www.marina-holyder.com\\\/de\\\/zuganglich-fur-personen-mit-eingeschrankter-mobilitat\\\/#breadcrumb\"},\"inLanguage\":\"de\",\"potentialAction\":[{\"@type\":\"ReadAction\",\"target\":[\"https:\\\/\\\/www.marina-holyder.com\\\/de\\\/zuganglich-fur-personen-mit-eingeschrankter-mobilitat\\\/\"]}]},{\"@type\":\"ImageObject\",\"inLanguage\":\"de\",\"@id\":\"https:\\\/\\\/www.marina-holyder.com\\\/de\\\/zuganglich-fur-personen-mit-eingeschrankter-mobilitat\\\/#primaryimage\",\"url\":\"https:\\\/\\\/www.marina-holyder.com\\\/wp-content\\\/uploads\\\/2014\\\/02\\\/accessible-aux-personnes-en-fauteuil-roulant.jpg\",\"contentUrl\":\"https:\\\/\\\/www.marina-holyder.com\\\/wp-content\\\/uploads\\\/2014\\\/02\\\/accessible-aux-personnes-en-fauteuil-roulant.jpg\"},{\"@type\":\"BreadcrumbList\",\"@id\":\"https:\\\/\\\/www.marina-holyder.com\\\/de\\\/zuganglich-fur-personen-mit-eingeschrankter-mobilitat\\\/#breadcrumb\",\"itemListElement\":[{\"@type\":\"ListItem\",\"position\":1,\"name\":\"Accueil\",\"item\":\"https:\\\/\\\/www.marina-holyder.com\\\/de\\\/\"},{\"@type\":\"ListItem\",\"position\":2,\"name\":\"Zug\u00e4nglich f\u00fcr Personen mit eingeschr\u00e4nkter Mobilit\u00e4t\"}]},{\"@type\":\"WebSite\",\"@id\":\"https:\\\/\\\/www.marina-holyder.com\\\/#website\",\"url\":\"https:\\\/\\\/www.marina-holyder.com\\\/\",\"name\":\"Location Lac du Der - R\u00e9sidence Marina Holyder\",\"description\":\"Locations de vacances au bord du lac du Der\",\"potentialAction\":[{\"@type\":\"SearchAction\",\"target\":{\"@type\":\"EntryPoint\",\"urlTemplate\":\"https:\\\/\\\/www.marina-holyder.com\\\/?s={search_term_string}\"},\"query-input\":{\"@type\":\"PropertyValueSpecification\",\"valueRequired\":true,\"valueName\":\"search_term_string\"}}],\"inLanguage\":\"de\"}]}<\/script>\n<!-- \/ Yoast SEO plugin. -->","yoast_head_json":{"title":"Zug\u00e4nglich f\u00fcr Personen mit eingeschr\u00e4nkter Mobilit\u00e4t - Location Lac du Der - R\u00e9sidence Marina Holyder","robots":{"index":"index","follow":"follow","max-snippet":"max-snippet:-1","max-image-preview":"max-image-preview:large","max-video-preview":"max-video-preview:-1"},"canonical":"https:\/\/www.marina-holyder.com\/de\/zuganglich-fur-personen-mit-eingeschrankter-mobilitat\/","og_locale":"de_DE","og_type":"article","og_title":"Zug\u00e4nglich f\u00fcr Personen mit eingeschr\u00e4nkter Mobilit\u00e4t - Location Lac du Der - R\u00e9sidence Marina Holyder","og_description":"Marina Holyder ist f\u00fcr die Personen im Rollstuhl zug\u00e4nglich.","og_url":"https:\/\/www.marina-holyder.com\/de\/zuganglich-fur-personen-mit-eingeschrankter-mobilitat\/","og_site_name":"Location Lac du Der - R\u00e9sidence Marina Holyder","article_modified_time":"2018-05-24T08:57:02+00:00","og_image":[{"url":"https:\/\/www.marina-holyder.com\/wp-content\/uploads\/2014\/02\/accessible-aux-personnes-en-fauteuil-roulant.jpg","type":"","width":"","height":""}],"twitter_card":"summary_large_image","twitter_misc":{"Gesch\u00e4tzte Lesezeit":"1\u00a0Minute"},"schema":{"@context":"https:\/\/schema.org","@graph":[{"@type":"WebPage","@id":"https:\/\/www.marina-holyder.com\/de\/zuganglich-fur-personen-mit-eingeschrankter-mobilitat\/","url":"https:\/\/www.marina-holyder.com\/de\/zuganglich-fur-personen-mit-eingeschrankter-mobilitat\/","name":"Zug\u00e4nglich f\u00fcr Personen mit eingeschr\u00e4nkter Mobilit\u00e4t - Location Lac du Der - R\u00e9sidence Marina Holyder","isPartOf":{"@id":"https:\/\/www.marina-holyder.com\/#website"},"primaryImageOfPage":{"@id":"https:\/\/www.marina-holyder.com\/de\/zuganglich-fur-personen-mit-eingeschrankter-mobilitat\/#primaryimage"},"image":{"@id":"https:\/\/www.marina-holyder.com\/de\/zuganglich-fur-personen-mit-eingeschrankter-mobilitat\/#primaryimage"},"thumbnailUrl":"https:\/\/www.marina-holyder.com\/wp-content\/uploads\/2014\/02\/accessible-aux-personnes-en-fauteuil-roulant.jpg","datePublished":"2014-10-30T09:50:48+00:00","dateModified":"2018-05-24T08:57:02+00:00","breadcrumb":{"@id":"https:\/\/www.marina-holyder.com\/de\/zuganglich-fur-personen-mit-eingeschrankter-mobilitat\/#breadcrumb"},"inLanguage":"de","potentialAction":[{"@type":"ReadAction","target":["https:\/\/www.marina-holyder.com\/de\/zuganglich-fur-personen-mit-eingeschrankter-mobilitat\/"]}]},{"@type":"ImageObject","inLanguage":"de","@id":"https:\/\/www.marina-holyder.com\/de\/zuganglich-fur-personen-mit-eingeschrankter-mobilitat\/#primaryimage","url":"https:\/\/www.marina-holyder.com\/wp-content\/uploads\/2014\/02\/accessible-aux-personnes-en-fauteuil-roulant.jpg","contentUrl":"https:\/\/www.marina-holyder.com\/wp-content\/uploads\/2014\/02\/accessible-aux-personnes-en-fauteuil-roulant.jpg"},{"@type":"BreadcrumbList","@id":"https:\/\/www.marina-holyder.com\/de\/zuganglich-fur-personen-mit-eingeschrankter-mobilitat\/#breadcrumb","itemListElement":[{"@type":"ListItem","position":1,"name":"Accueil","item":"https:\/\/www.marina-holyder.com\/de\/"},{"@type":"ListItem","position":2,"name":"Zug\u00e4nglich f\u00fcr Personen mit eingeschr\u00e4nkter Mobilit\u00e4t"}]},{"@type":"WebSite","@id":"https:\/\/www.marina-holyder.com\/#website","url":"https:\/\/www.marina-holyder.com\/","name":"Location Lac du Der - R\u00e9sidence Marina Holyder","description":"Locations de vacances au bord du lac du Der","potentialAction":[{"@type":"SearchAction","target":{"@type":"EntryPoint","urlTemplate":"https:\/\/www.marina-holyder.com\/?s={search_term_string}"},"query-input":{"@type":"PropertyValueSpecification","valueRequired":true,"valueName":"search_term_string"}}],"inLanguage":"de"}]}},"_links":{"self":[{"href":"https:\/\/www.marina-holyder.com\/de\/wp-json\/wp\/v2\/pages\/3307","targetHints":{"allow":["GET"]}}],"collection":[{"href":"https:\/\/www.marina-holyder.com\/de\/wp-json\/wp\/v2\/pages"}],"about":[{"href":"https:\/\/www.marina-holyder.com\/de\/wp-json\/wp\/v2\/types\/page"}],"author":[{"embeddable":true,"href":"https:\/\/www.marina-holyder.com\/de\/wp-json\/wp\/v2\/users\/2"}],"replies":[{"embeddable":true,"href":"https:\/\/www.marina-holyder.com\/de\/wp-json\/wp\/v2\/comments?post=3307"}],"version-history":[{"count":2,"href":"https:\/\/www.marina-holyder.com\/de\/wp-json\/wp\/v2\/pages\/3307\/revisions"}],"predecessor-version":[{"id":9200,"href":"https:\/\/www.marina-holyder.com\/de\/wp-json\/wp\/v2\/pages\/3307\/revisions\/9200"}],"wp:attachment":[{"href":"https:\/\/www.marina-holyder.com\/de\/wp-json\/wp\/v2\/media?parent=3307"}],"curies":[{"name":"wp","href":"https:\/\/api.w.org\/{rel}","templated":true}]}}