{"id":3258,"date":"2014-10-29T16:26:13","date_gmt":"2014-10-29T15:26:13","guid":{"rendered":"https:\/\/www.marina-holyder.com\/?page_id=3258"},"modified":"2018-09-03T10:52:27","modified_gmt":"2018-09-03T08:52:27","slug":"lage","status":"publish","type":"page","link":"https:\/\/www.marina-holyder.com\/de\/lage\/","title":{"rendered":"Lage"},"content":{"rendered":"<div style=\"margin: 0 -10000px;\"><img loading=\"lazy\" decoding=\"async\" src=\"https:\/\/www.marina-holyder.com\/wp-content\/uploads\/2018\/09\/DER_Plan_Station_2018.jpg\" alt=\"\" width=\"2000\" height=\"586\" class=\"aligncenter size-full wp-image-9610\" srcset=\"https:\/\/www.marina-holyder.com\/wp-content\/uploads\/2018\/09\/DER_Plan_Station_2018.jpg 2000w, https:\/\/www.marina-holyder.com\/wp-content\/uploads\/2018\/09\/DER_Plan_Station_2018-300x88.jpg 300w, https:\/\/www.marina-holyder.com\/wp-content\/uploads\/2018\/09\/DER_Plan_Station_2018-768x225.jpg 768w, https:\/\/www.marina-holyder.com\/wp-content\/uploads\/2018\/09\/DER_Plan_Station_2018-1024x300.jpg 1024w\" sizes=\"auto, (max-width: 2000px) 100vw, 2000px\" \/><\/div>\n<div style=\"text-align:right; font-size:11px;\"><a href=\"https:\/\/www.marina-holyder.com\/wp-content\/uploads\/2018\/09\/DER_Plan_Station_2018_WEB.pdf\" rel=\"noopener\" target=\"_blank\" style=\"color: #CF3A93;\"><i class=\"fa fa-cloud-download\" aria-hidden=\"true\" style=\"color: #CF3A93;\"><\/i> <strong>T\u00e9l\u00e9charger le plan (PDF)<\/strong><\/a> | Cartographie ACTUAL &#8211; <a href=\"http:\/\/www.actual.tm.fr\" rel=\"noopener\" target=\"_blank\">www.actual.tm.fr<\/a><\/div>\n<p>&nbsp;<\/p>\n<h1>Ein Badeort in einer einzigartigen<\/h1>\n<h2>Umgebung in Europa<\/h2>\n<div class=\"one_half\">\n\n<div class=\"wpcf7 no-js\" id=\"wpcf7-f9197-o1\" lang=\"fr-FR\" dir=\"ltr\" data-wpcf7-id=\"9197\">\n<div class=\"screen-reader-response\"><p role=\"status\" aria-live=\"polite\" aria-atomic=\"true\"><\/p> <ul><\/ul><\/div>\n<form action=\"\/de\/wp-json\/wp\/v2\/pages\/3258#wpcf7-f9197-o1\" method=\"post\" class=\"wpcf7-form init\" aria-label=\"Formulaire de contact\" novalidate=\"novalidate\" data-status=\"init\">\n<fieldset class=\"hidden-fields-container\"><input type=\"hidden\" name=\"_wpcf7\" value=\"9197\" \/><input type=\"hidden\" name=\"_wpcf7_version\" value=\"6.1.6\" \/><input type=\"hidden\" name=\"_wpcf7_locale\" value=\"fr_FR\" \/><input type=\"hidden\" name=\"_wpcf7_unit_tag\" value=\"wpcf7-f9197-o1\" \/><input type=\"hidden\" name=\"_wpcf7_container_post\" value=\"0\" \/><input type=\"hidden\" name=\"_wpcf7_posted_data_hash\" value=\"\" \/>\n<\/fieldset>\n<p><span class=\"wpcf7-form-control-wrap\" data-name=\"NOM\"><input size=\"40\" maxlength=\"400\" class=\"wpcf7-form-control wpcf7-text\" aria-invalid=\"false\" placeholder=\"NAME\" value=\"\" type=\"text\" name=\"NOM\" \/><\/span>\n<\/p>\n<p><span class=\"wpcf7-form-control-wrap\" data-name=\"EMAIL\"><input size=\"40\" maxlength=\"400\" class=\"wpcf7-form-control wpcf7-email wpcf7-text wpcf7-validates-as-email\" aria-invalid=\"false\" placeholder=\"EMAIL\" value=\"\" type=\"email\" name=\"EMAIL\" \/><\/span>\n<\/p>\n<p><span class=\"wpcf7-form-control-wrap\" data-name=\"MESSAGE\"><textarea cols=\"40\" rows=\"10\" maxlength=\"2000\" class=\"wpcf7-form-control wpcf7-textarea message\" aria-invalid=\"false\" placeholder=\"MESSAGE\" name=\"MESSAGE\"><\/textarea><\/span>\n<\/p>\n<p><span class=\"wpcf7-form-control-wrap\" data-name=\"ANTI-SPAM\"><label><span class=\"wpcf7-quiz-label\">Was ist der erste Monat des Jahres?<\/span> <input size=\"40\" class=\"wpcf7-form-control wpcf7-quiz\" autocomplete=\"off\" aria-required=\"true\" aria-invalid=\"false\" type=\"text\" name=\"ANTI-SPAM\" \/><\/label><input type=\"hidden\" name=\"_wpcf7_quiz_answer_ANTI-SPAM\" value=\"9e2ac6d7f780ae71d97d205c4e52ac25\" \/><\/span>\n<\/p>\n<p><input class=\"wpcf7-form-control wpcf7-submit has-spinner bouton\" type=\"submit\" value=\"SENDEN\" \/>\n<\/p><input type='hidden' class='wpcf7-pum' value='{\"closepopup\":false,\"closedelay\":0,\"openpopup\":false,\"openpopup_id\":0}' \/><div class=\"wpcf7-response-output\" aria-hidden=\"true\"><\/div>\n<\/form>\n<\/div>\n\n<\/div>\n<div class=\"one_half last_column\">\n<h4><i class=\"fa fa-map-marker\" style=\"padding-right: 20px;\" aria-hidden=\"true\"><\/i>ADRESSE<\/h4>\n<div style=\"padding-left: 40px; margin-bottom: 25px;\">\n<strong>R\u00e9sidence Marina Holyder<\/strong><br \/>\n11 Presqu&#8217;Ile de Rougemer<br \/>\nStation Nautique<br \/>\n51290 Giffaumont-Champaubert<\/div>\n<h4><i class=\"fa fa-location-arrow\" style=\"padding-right: 20px;\" aria-hidden=\"true\"><\/i>GPS &#8211; Koordinaten  <\/h4>\n<div style=\"padding-left: 40px; margin-bottom: 25px;\">\n48.550236, 4.773577\n<\/div>\n<h4><i class=\"fa fa-car\" style=\"padding-right: 20px;\" aria-hidden=\"true\"><\/i>Anfahrt per PKW<\/h4>\n<div style=\"padding-left: 40px; margin-bottom: 25px;\">\n<i class=\"fa fa-arrow-right\" aria-hidden=\"true\" style=\"padding-right:10px;\"><\/i>A4 ab Stra\u00dfburg, Nancy, Paris, Reims<br \/>\n<i class=\"fa fa-arrow-right\" aria-hidden=\"true\" style=\"padding-right:10px;\"><\/i>A5 ab Paris, Troyes<br \/>\n<i class=\"fa fa-arrow-right\" aria-hidden=\"true\" style=\"padding-right:10px;\"><\/i>A31 ab Dijon<br \/>\n<i class=\"fa fa-arrow-right\" aria-hidden=\"true\" style=\"padding-right:10px;\"><\/i>A26 ab Calais, Lille<\/p>\n<\/div>\n<h4><i class=\"fa fa-train\" style=\"padding-right: 20px;\" aria-hidden=\"true\"><\/i>Per Bahn<\/h4>\n<div style=\"padding-left: 40px; margin-bottom: 25px;\">\n<i class=\"fa fa-arrow-right\" aria-hidden=\"true\" style=\"padding-right:10px;\"><\/i>Bahnhof : Vitry-Le-Fran\u00e7ois in 25 km Entfernung<\/li>\n<\/div>\n<h4><i class=\"fa fa-phone\" style=\"padding-right: 20px;\" aria-hidden=\"true\"><\/i>TELEPHONE<\/h4>\n<div style=\"padding-left: 40px; margin-bottom: 25px;\"><strong>+333 26 72 84 04<\/strong><\/div>\n<h4><i class=\"fa fa-envelope-o\" style=\"padding-right: 20px;\" aria-hidden=\"true\"><\/i>MAIL<\/h4>\n<div style=\"padding-left: 40px; margin-bottom: 25px;\">residence@marina-holyder.com<\/div>\n<\/div>\n\t\t\t<style type=\"text\/css\">\n\t\t\t\t#content-block-background-1894 { background-image: url(); background-position: center top; background-repeat: repeat-x; background-color: #333333; background-attachment: fixed; background-size: auto; }\n\t\t\t\t#content-block-body-1894 { padding: 60px 0; color: #FFFFFF; }\n\t\t\t\t.content-block-body { margin-left: auto; margin-right: auto; position: relative; }\n\t\t\t<\/style>\n\t\t\t\t\t\t\t<style type=\"text\/css\">\n\t\t\t\t\t#wrapper-1 { overflow-x: hidden; }\n\t\t\t\t\t#content-block-background-1894 { margin: 0 -10000px; padding: 0 10000px; }\n\t\t\t\t<\/style>\n\t\t\t\n\t\t\t\t\t\t<script type=\"text\/javascript\">\n\t\t\t\t\/\/ <![CDATA[\n\t\t\t\tjQuery(document).ready(function($){\n\t\t\t\t\t\"use strict\";\n\t\t\t\t\tif( ! $(\"body\").hasClass( \"mobile-detected\" ) ){\n\t\t\t\t\t\t$(\"#content-block-background-\"+1894).each(function(){\n\t\t\t\t\t\t\tvar $bgobj = $(this); \/\/ Assigning the object.\n\t\t\t\t\t\t\tvar xPos = 'center'; \/\/ x bg position value from the user shortcode.\n\t\t\t\t\t\t\t$(window).scroll(function() {\n\t\t\t\t\t\t\t\tvar yPos = -($(window).scrollTop() \/ 3);\n\t\t\t\t\t\t\t\t\/\/ Put together our final background position.\n\t\t\t\t\t\t\t\tvar coords = xPos+' '+yPos+'px';\n\t\t\t\t\t\t\t\t\/\/ Move the background.\n\t\t\t\t\t\t\t\t$bgobj.css({ backgroundPosition: coords });\n\t\t\t\t\t\t\t});\n\t\t\t\t\t\t});\n\t\t\t\t\t}\n\t\t\t\t});\n\t\t\t\t\/\/ ]]>\n\t\t\t<\/script>\n\t\t\t\n\t\t\t<div class=\"clear\"><\/div>\n\t\t\t<div id=\"content-block-background-1894\" class=\"content-block-background class-name\">\n\t\t\t\t<div id=\"content-block-body-1894\" class=\"content-block-body\">\n\t\t\t\t\t<div class=\"clear\"><\/div>\n\t\t\t\t\t\n<div class=\"one_half\">\n<img loading=\"lazy\" decoding=\"async\" src=\"https:\/\/www.marina-holyder.com\/wp-content\/uploads\/2014\/01\/carte-marinaholyder.png\" alt=\"Marina Holyder au Lac du Der\" width=\"431\" height=\"416\" class=\"aligncenter size-full wp-image-7835\" srcset=\"https:\/\/www.marina-holyder.com\/wp-content\/uploads\/2014\/01\/carte-marinaholyder.png 431w, https:\/\/www.marina-holyder.com\/wp-content\/uploads\/2014\/01\/carte-marinaholyder-300x290.png 300w\" sizes=\"auto, (max-width: 431px) 100vw, 431px\" \/><br \/>\n<\/div>\n<div class=\"one_half last_column\">\n&nbsp;<\/p>\n<h3 style=\"color:#ffffff;\">Entfernungen&#8230;<\/h3>\n<p>&nbsp;<br \/>\n<i class=\"fa fa-arrow-right\" aria-hidden=\"true\" style=\"padding-right:10px;\"><\/i>200 km von Paris<br \/>\n<i class=\"fa fa-arrow-right\" aria-hidden=\"true\" style=\"padding-right:10px;\"><\/i>106 km von Reims<br \/>\n<i class=\"fa fa-arrow-right\" aria-hidden=\"true\" style=\"padding-right:10px;\"><\/i>124 km von Nancy<br \/>\n<i class=\"fa fa-arrow-right\" aria-hidden=\"true\" style=\"padding-right:10px;\"><\/i>68 km von Troyes<br \/>\n<i class=\"fa fa-arrow-right\" aria-hidden=\"true\" style=\"padding-right:10px;\"><\/i>173 km von Metz<br \/>\n<i class=\"fa fa-arrow-right\" aria-hidden=\"true\" style=\"padding-right:10px;\"><\/i>180 km von Luxembourg<br \/>\n<i class=\"fa fa-arrow-right\" aria-hidden=\"true\" style=\"padding-right:10px;\"><\/i>240 km von Saarbr\u00fccken<br \/>\n<i class=\"fa fa-arrow-right\" aria-hidden=\"true\" style=\"padding-right:10px;\"><\/i>300 km von Bruxelles<br \/>\n<i class=\"fa fa-arrow-right\" aria-hidden=\"true\" style=\"padding-right:10px;\"><\/i>350 km von Berne<br \/>\n<i class=\"fa fa-arrow-right\" aria-hidden=\"true\" style=\"padding-right:10px;\"><\/i>400 km von Lyon<br \/>\n<i class=\"fa fa-arrow-right\" aria-hidden=\"true\" style=\"padding-right:10px;\"><\/i>400 km von Stuttgart<br \/>\n<i class=\"fa fa-arrow-right\" aria-hidden=\"true\" style=\"padding-right:10px;\"><\/i>400 km von Frankfurt<br \/>\n<i class=\"fa fa-arrow-right\" aria-hidden=\"true\" style=\"padding-right:10px;\"><\/i>500 km von Amsterdam<br \/>\n<i class=\"fa fa-arrow-right\" aria-hidden=\"true\" style=\"padding-right:10px;\"><\/i>600 km von Munich<br \/>\n<i class=\"fa fa-arrow-right\" aria-hidden=\"true\" style=\"padding-right:10px;\"><\/i>930 km von Berlin<\/p>\n<\/div>\n<p> \t\t\t\t\t<div class=\"clear\"><\/div>\n\t\t\t\t<\/div>\n\t\t\t<\/div>\n\t\t\t<div class=\"clear\"><\/div>\n\t\t\t\n<p>&nbsp;<\/p>\n","protected":false},"excerpt":{"rendered":"<p>T\u00e9l\u00e9charger le plan (PDF) | Cartographie ACTUAL &#8211; www.actual.tm.fr &nbsp; Ein Badeort in einer einzigartigen Umgebung in Europa &nbsp;<\/p>\n","protected":false},"author":2,"featured_media":0,"parent":0,"menu_order":0,"comment_status":"closed","ping_status":"closed","template":"page-FullWidth.php","meta":{"footnotes":""},"class_list":["post-3258","page","type-page","status-publish","hentry"],"yoast_head":"<!-- This site is optimized with the Yoast SEO plugin v27.6 - https:\/\/yoast.com\/product\/yoast-seo-wordpress\/ -->\n<title>Lage - Location Lac du Der - R\u00e9sidence Marina Holyder<\/title>\n<meta name=\"robots\" content=\"index, follow, max-snippet:-1, max-image-preview:large, max-video-preview:-1\" \/>\n<link rel=\"canonical\" href=\"https:\/\/www.marina-holyder.com\/de\/lage\/\" \/>\n<meta property=\"og:locale\" content=\"de_DE\" \/>\n<meta property=\"og:type\" content=\"article\" \/>\n<meta property=\"og:title\" content=\"Lage - Location Lac du Der - R\u00e9sidence Marina Holyder\" \/>\n<meta property=\"og:description\" content=\"T\u00e9l\u00e9charger le plan (PDF) | Cartographie ACTUAL &#8211; www.actual.tm.fr &nbsp; Ein Badeort in einer einzigartigen Umgebung in Europa &nbsp;\" \/>\n<meta property=\"og:url\" content=\"https:\/\/www.marina-holyder.com\/de\/lage\/\" \/>\n<meta property=\"og:site_name\" content=\"Location Lac du Der - R\u00e9sidence Marina Holyder\" \/>\n<meta property=\"article:modified_time\" content=\"2018-09-03T08:52:27+00:00\" \/>\n<meta property=\"og:image\" content=\"https:\/\/www.marina-holyder.com\/wp-content\/uploads\/2018\/09\/DER_Plan_Station_2018.jpg\" \/>\n<meta name=\"twitter:card\" content=\"summary_large_image\" \/>\n<meta name=\"twitter:label1\" content=\"Gesch\u00e4tzte Lesezeit\" \/>\n\t<meta name=\"twitter:data1\" content=\"1\u00a0Minute\" \/>\n<script type=\"application\/ld+json\" class=\"yoast-schema-graph\">{\"@context\":\"https:\\\/\\\/schema.org\",\"@graph\":[{\"@type\":\"WebPage\",\"@id\":\"https:\\\/\\\/www.marina-holyder.com\\\/de\\\/lage\\\/\",\"url\":\"https:\\\/\\\/www.marina-holyder.com\\\/de\\\/lage\\\/\",\"name\":\"Lage - Location Lac du Der - R\u00e9sidence Marina Holyder\",\"isPartOf\":{\"@id\":\"https:\\\/\\\/www.marina-holyder.com\\\/#website\"},\"primaryImageOfPage\":{\"@id\":\"https:\\\/\\\/www.marina-holyder.com\\\/de\\\/lage\\\/#primaryimage\"},\"image\":{\"@id\":\"https:\\\/\\\/www.marina-holyder.com\\\/de\\\/lage\\\/#primaryimage\"},\"thumbnailUrl\":\"https:\\\/\\\/www.marina-holyder.com\\\/wp-content\\\/uploads\\\/2018\\\/09\\\/DER_Plan_Station_2018.jpg\",\"datePublished\":\"2014-10-29T15:26:13+00:00\",\"dateModified\":\"2018-09-03T08:52:27+00:00\",\"breadcrumb\":{\"@id\":\"https:\\\/\\\/www.marina-holyder.com\\\/de\\\/lage\\\/#breadcrumb\"},\"inLanguage\":\"de\",\"potentialAction\":[{\"@type\":\"ReadAction\",\"target\":[\"https:\\\/\\\/www.marina-holyder.com\\\/de\\\/lage\\\/\"]}]},{\"@type\":\"ImageObject\",\"inLanguage\":\"de\",\"@id\":\"https:\\\/\\\/www.marina-holyder.com\\\/de\\\/lage\\\/#primaryimage\",\"url\":\"https:\\\/\\\/www.marina-holyder.com\\\/wp-content\\\/uploads\\\/2018\\\/09\\\/DER_Plan_Station_2018.jpg\",\"contentUrl\":\"https:\\\/\\\/www.marina-holyder.com\\\/wp-content\\\/uploads\\\/2018\\\/09\\\/DER_Plan_Station_2018.jpg\"},{\"@type\":\"BreadcrumbList\",\"@id\":\"https:\\\/\\\/www.marina-holyder.com\\\/de\\\/lage\\\/#breadcrumb\",\"itemListElement\":[{\"@type\":\"ListItem\",\"position\":1,\"name\":\"Accueil\",\"item\":\"https:\\\/\\\/www.marina-holyder.com\\\/de\\\/\"},{\"@type\":\"ListItem\",\"position\":2,\"name\":\"Lage\"}]},{\"@type\":\"WebSite\",\"@id\":\"https:\\\/\\\/www.marina-holyder.com\\\/#website\",\"url\":\"https:\\\/\\\/www.marina-holyder.com\\\/\",\"name\":\"Location Lac du Der - R\u00e9sidence Marina Holyder\",\"description\":\"Locations de vacances au bord du lac du Der\",\"potentialAction\":[{\"@type\":\"SearchAction\",\"target\":{\"@type\":\"EntryPoint\",\"urlTemplate\":\"https:\\\/\\\/www.marina-holyder.com\\\/?s={search_term_string}\"},\"query-input\":{\"@type\":\"PropertyValueSpecification\",\"valueRequired\":true,\"valueName\":\"search_term_string\"}}],\"inLanguage\":\"de\"}]}<\/script>\n<!-- \/ Yoast SEO plugin. -->","yoast_head_json":{"title":"Lage - Location Lac du Der - R\u00e9sidence Marina Holyder","robots":{"index":"index","follow":"follow","max-snippet":"max-snippet:-1","max-image-preview":"max-image-preview:large","max-video-preview":"max-video-preview:-1"},"canonical":"https:\/\/www.marina-holyder.com\/de\/lage\/","og_locale":"de_DE","og_type":"article","og_title":"Lage - Location Lac du Der - R\u00e9sidence Marina Holyder","og_description":"T\u00e9l\u00e9charger le plan (PDF) | Cartographie ACTUAL &#8211; www.actual.tm.fr &nbsp; Ein Badeort in einer einzigartigen Umgebung in Europa &nbsp;","og_url":"https:\/\/www.marina-holyder.com\/de\/lage\/","og_site_name":"Location Lac du Der - R\u00e9sidence Marina Holyder","article_modified_time":"2018-09-03T08:52:27+00:00","og_image":[{"url":"https:\/\/www.marina-holyder.com\/wp-content\/uploads\/2018\/09\/DER_Plan_Station_2018.jpg","type":"","width":"","height":""}],"twitter_card":"summary_large_image","twitter_misc":{"Gesch\u00e4tzte Lesezeit":"1\u00a0Minute"},"schema":{"@context":"https:\/\/schema.org","@graph":[{"@type":"WebPage","@id":"https:\/\/www.marina-holyder.com\/de\/lage\/","url":"https:\/\/www.marina-holyder.com\/de\/lage\/","name":"Lage - Location Lac du Der - R\u00e9sidence Marina Holyder","isPartOf":{"@id":"https:\/\/www.marina-holyder.com\/#website"},"primaryImageOfPage":{"@id":"https:\/\/www.marina-holyder.com\/de\/lage\/#primaryimage"},"image":{"@id":"https:\/\/www.marina-holyder.com\/de\/lage\/#primaryimage"},"thumbnailUrl":"https:\/\/www.marina-holyder.com\/wp-content\/uploads\/2018\/09\/DER_Plan_Station_2018.jpg","datePublished":"2014-10-29T15:26:13+00:00","dateModified":"2018-09-03T08:52:27+00:00","breadcrumb":{"@id":"https:\/\/www.marina-holyder.com\/de\/lage\/#breadcrumb"},"inLanguage":"de","potentialAction":[{"@type":"ReadAction","target":["https:\/\/www.marina-holyder.com\/de\/lage\/"]}]},{"@type":"ImageObject","inLanguage":"de","@id":"https:\/\/www.marina-holyder.com\/de\/lage\/#primaryimage","url":"https:\/\/www.marina-holyder.com\/wp-content\/uploads\/2018\/09\/DER_Plan_Station_2018.jpg","contentUrl":"https:\/\/www.marina-holyder.com\/wp-content\/uploads\/2018\/09\/DER_Plan_Station_2018.jpg"},{"@type":"BreadcrumbList","@id":"https:\/\/www.marina-holyder.com\/de\/lage\/#breadcrumb","itemListElement":[{"@type":"ListItem","position":1,"name":"Accueil","item":"https:\/\/www.marina-holyder.com\/de\/"},{"@type":"ListItem","position":2,"name":"Lage"}]},{"@type":"WebSite","@id":"https:\/\/www.marina-holyder.com\/#website","url":"https:\/\/www.marina-holyder.com\/","name":"Location Lac du Der - R\u00e9sidence Marina Holyder","description":"Locations de vacances au bord du lac du Der","potentialAction":[{"@type":"SearchAction","target":{"@type":"EntryPoint","urlTemplate":"https:\/\/www.marina-holyder.com\/?s={search_term_string}"},"query-input":{"@type":"PropertyValueSpecification","valueRequired":true,"valueName":"search_term_string"}}],"inLanguage":"de"}]}},"_links":{"self":[{"href":"https:\/\/www.marina-holyder.com\/de\/wp-json\/wp\/v2\/pages\/3258","targetHints":{"allow":["GET"]}}],"collection":[{"href":"https:\/\/www.marina-holyder.com\/de\/wp-json\/wp\/v2\/pages"}],"about":[{"href":"https:\/\/www.marina-holyder.com\/de\/wp-json\/wp\/v2\/types\/page"}],"author":[{"embeddable":true,"href":"https:\/\/www.marina-holyder.com\/de\/wp-json\/wp\/v2\/users\/2"}],"replies":[{"embeddable":true,"href":"https:\/\/www.marina-holyder.com\/de\/wp-json\/wp\/v2\/comments?post=3258"}],"version-history":[{"count":6,"href":"https:\/\/www.marina-holyder.com\/de\/wp-json\/wp\/v2\/pages\/3258\/revisions"}],"predecessor-version":[{"id":9630,"href":"https:\/\/www.marina-holyder.com\/de\/wp-json\/wp\/v2\/pages\/3258\/revisions\/9630"}],"wp:attachment":[{"href":"https:\/\/www.marina-holyder.com\/de\/wp-json\/wp\/v2\/media?parent=3258"}],"curies":[{"name":"wp","href":"https:\/\/api.w.org\/{rel}","templated":true}]}}