{"id":3244,"date":"2014-10-29T15:51:09","date_gmt":"2014-10-29T14:51:09","guid":{"rendered":"https:\/\/www.marina-holyder.com\/?page_id=3244"},"modified":"2018-05-24T13:52:54","modified_gmt":"2018-05-24T11:52:54","slug":"seminare","status":"publish","type":"page","link":"https:\/\/www.marina-holyder.com\/de\/seminare\/","title":{"rendered":"Seminare"},"content":{"rendered":"<h1>Ein einzigartiges Ambiente f\u00fcr Ihre Seminare auf dem Land, mit Blick auf den gr\u00f6\u00dften k\u00fcnstlichen See Europas (4.800 ha): den lac du DER<\/h1>\n<div class=\"one_half\">\n\t\t\t<script src=\"\/\/www.marina-holyder.com\/wp-content\/plugins\/revslider\/public\/assets\/js\/rbtools.min.js?rev=6.6.20\"><\/script>\n\t\t\t<script src=\"\/\/www.marina-holyder.com\/wp-content\/plugins\/revslider\/public\/assets\/js\/rs6.min.js?rev=6.6.20\"><\/script>\n\n\t\t\t<!-- START seminaires REVOLUTION SLIDER 6.6.20 --><p class=\"rs-p-wp-fix\"><\/p>\n\t\t\t<rs-module-wrap id=\"rev_slider_3_1_wrapper\" data-source=\"gallery\" style=\"visibility:hidden;background:#E9E9E9;padding:0;margin:0px auto;margin-top:0;margin-bottom:0;\">\n\t\t\t\t<rs-module id=\"rev_slider_3_1\" style=\"\" data-version=\"6.6.20\">\n\t\t\t\t\t<rs-slides style=\"overflow: hidden; position: absolute;\">\n\t\t\t\t\t\t<rs-slide style=\"position: absolute;\" data-key=\"rs-13\" data-title=\"Slide\" data-thumb=\"\/\/www.marina-holyder.com\/wp-content\/uploads\/revslider\/seminaires\/seminaire-lac-du-der-11-100x50.jpg\" data-anim=\"adpr:false;\">\n\t\t\t\t\t\t\t<img decoding=\"async\" src=\"\/\/www.marina-holyder.com\/wp-content\/plugins\/revslider\/public\/assets\/assets\/dummy.png\" alt=\"\" title=\"Seminare\" class=\"rev-slidebg tp-rs-img rs-lazyload\" data-lazyload=\"\/\/www.marina-holyder.com\/wp-content\/uploads\/revslider\/seminaires\/seminaire-lac-du-der-11.jpg\" data-bg=\"p:center top;\" data-no-retina>\n<!---->\t\t\t\t\t\t<\/rs-slide>\n\t\t\t\t\t\t<rs-slide style=\"position: absolute;\" data-key=\"rs-17\" data-title=\"Slide\" data-thumb=\"\/\/www.marina-holyder.com\/wp-content\/uploads\/2017\/09\/seminaire-lac-du-der-5-100x50.jpg\" data-anim=\"adpr:false;\">\n\t\t\t\t\t\t\t<img decoding=\"async\" src=\"\/\/www.marina-holyder.com\/wp-content\/plugins\/revslider\/public\/assets\/assets\/dummy.png\" alt=\"\" title=\"Seminare\" class=\"rev-slidebg tp-rs-img rs-lazyload\" data-lazyload=\"\/\/www.marina-holyder.com\/wp-content\/uploads\/2017\/09\/seminaire-lac-du-der-5.jpg\" data-no-retina>\n<!---->\t\t\t\t\t\t<\/rs-slide>\n\t\t\t\t\t\t<rs-slide style=\"position: absolute;\" data-key=\"rs-18\" data-title=\"Slide\" data-thumb=\"\/\/www.marina-holyder.com\/wp-content\/uploads\/2017\/09\/seminaire-lac-du-der-10-100x50.jpg\" data-anim=\"adpr:false;\">\n\t\t\t\t\t\t\t<img decoding=\"async\" src=\"\/\/www.marina-holyder.com\/wp-content\/plugins\/revslider\/public\/assets\/assets\/dummy.png\" alt=\"\" title=\"Seminare\" class=\"rev-slidebg tp-rs-img rs-lazyload\" data-lazyload=\"\/\/www.marina-holyder.com\/wp-content\/uploads\/2017\/09\/seminaire-lac-du-der-10.jpg\" data-no-retina>\n<!---->\t\t\t\t\t\t<\/rs-slide>\n\t\t\t\t\t<\/rs-slides>\n\t\t\t\t<\/rs-module>\n\t\t\t\t<script>\n\t\t\t\t\tsetREVStartSize({c: 'rev_slider_3_1',rl:[1240,1024,778,480],el:[],gw:[441],gh:[331],type:'standard',justify:'',layout:'fullwidth',mh:\"0\"});if (window.RS_MODULES!==undefined && window.RS_MODULES.modules!==undefined && window.RS_MODULES.modules[\"revslider31\"]!==undefined) {window.RS_MODULES.modules[\"revslider31\"].once = false;window.revapi3 = undefined;if (window.RS_MODULES.checkMinimal!==undefined) window.RS_MODULES.checkMinimal()}\n\t\t\t\t<\/script>\n\t\t\t<\/rs-module-wrap>\n\t\t\t<!-- END REVOLUTION SLIDER -->\n\n<\/div>\n<div class=\"one_half last_column\">\n<h4>Tagungsr\u00e4ume f\u00fcr Seminare und <\/h4>\n<h3>Konferenzen<\/h3>\n<p><i class=\"fa fa-arrow-right\" style=\"padding-right: 10px;\" aria-hidden=\"true\"><\/i>Kleine oder gro\u00dfe Tagungsr\u00e4ume, je nach Verf\u00fcgbarkeit in unserer Ferienanlage oder bei unseren lokalen Partnern Ufol 55 oder bei der \u201eMaison du Lac\u201c (10 Min. zu Fu\u00df bzw. 2 Min. per PKW),<br \/>\n<i class=\"fa fa-arrow-right\" style=\"padding-right: 10px;\" aria-hidden=\"true\"><\/i>Aufnahmekapazit\u00e4t: von etwa 20 bis 110 Personen<br \/>\n<i class=\"fa fa-arrow-right\" style=\"padding-right: 10px;\" aria-hidden=\"true\"><\/i>Flipcharts und Marker<br \/>\n<i class=\"fa fa-arrow-right\" style=\"padding-right: 10px;\" aria-hidden=\"true\"><\/i><strong>Auf Anfrage und Vorreservierung<\/strong> : Projektor, Soundsystem, Mikrofone, Verst\u00e4rker \u2026<\/p>\n<p><a class=\"btnB01 btnB01-secondary\" href=\"https:\/\/www.marina-holyder.com\/de\/lage\/\">KONTAKT<\/a><br \/>\n<\/div>\n<div class=\"clear\"><\/div>\n<p>&nbsp;<\/p>\n\t\t\t<style type=\"text\/css\">\n\t\t\t\t#content-block-background-1502 { background-image: url(); background-position: center top; background-repeat: repeat-x; background-color: #5fb7b7;; background-attachment: fixed; background-size: auto; }\n\t\t\t\t#content-block-body-1502 { padding: 60px 0; color: inherit; }\n\t\t\t\t.content-block-body { margin-left: auto; margin-right: auto; position: relative; }\n\t\t\t<\/style>\n\t\t\t\t\t\t\t<style type=\"text\/css\">\n\t\t\t\t\t#wrapper-1 { overflow-x: hidden; }\n\t\t\t\t\t#content-block-background-1502 { margin: 0 -10000px; padding: 0 10000px; }\n\t\t\t\t<\/style>\n\t\t\t\n\t\t\t\t\t\t<script type=\"text\/javascript\">\n\t\t\t\t\/\/ <![CDATA[\n\t\t\t\tjQuery(document).ready(function($){\n\t\t\t\t\t\"use strict\";\n\t\t\t\t\tif( ! $(\"body\").hasClass( \"mobile-detected\" ) ){\n\t\t\t\t\t\t$(\"#content-block-background-\"+1502).each(function(){\n\t\t\t\t\t\t\tvar $bgobj = $(this); \/\/ Assigning the object.\n\t\t\t\t\t\t\tvar xPos = 'center'; \/\/ x bg position value from the user shortcode.\n\t\t\t\t\t\t\t$(window).scroll(function() {\n\t\t\t\t\t\t\t\tvar yPos = -($(window).scrollTop() \/ 3);\n\t\t\t\t\t\t\t\t\/\/ Put together our final background position.\n\t\t\t\t\t\t\t\tvar coords = xPos+' '+yPos+'px';\n\t\t\t\t\t\t\t\t\/\/ Move the background.\n\t\t\t\t\t\t\t\t$bgobj.css({ backgroundPosition: coords });\n\t\t\t\t\t\t\t});\n\t\t\t\t\t\t});\n\t\t\t\t\t}\n\t\t\t\t});\n\t\t\t\t\/\/ ]]>\n\t\t\t<\/script>\n\t\t\t\n\t\t\t<div class=\"clear\"><\/div>\n\t\t\t<div id=\"content-block-background-1502\" class=\"content-block-background class-name\">\n\t\t\t\t<div id=\"content-block-body-1502\" class=\"content-block-body\">\n\t\t\t\t\t<div class=\"clear\"><\/div>\n\t\t\t\t\t\n<div class=\"one_fourth\">\n<img loading=\"lazy\" decoding=\"async\" class=\"aligncenter size-full wp-image-7467\" src=\"https:\/\/www.marina-holyder.com\/wp-content\/uploads\/2017\/09\/semainaires.png\" alt=\"S\u00e9minaires Lac du der\" width=\"70\" height=\"70\" \/><\/p>\n<h5>Konferenzraum<\/h5>\n<h6>von etwa 20 bis 110 Personen<\/h6>\n<\/div>\n<div class=\"one_fourth\">\n<img loading=\"lazy\" decoding=\"async\" class=\"aligncenter size-full wp-image-6459\" src=\"https:\/\/www.marina-holyder.com\/wp-content\/uploads\/2017\/09\/picto-cottage.png\" alt=\"43 logements\" width=\"70\" height=\"70\" \/><\/p>\n<h5>43 Wohnungen<\/h5>\n<h6>in einzelnen H\u00e4usern<\/h6>\n<\/div>\n<div class=\"one_fourth\">\n<img loading=\"lazy\" decoding=\"async\" class=\"aligncenter size-full wp-image-6467\" src=\"https:\/\/www.marina-holyder.com\/wp-content\/uploads\/2017\/09\/photocopie.png\" alt=\"Photocopies \u00e0 l\u2019accueil\" width=\"70\" height=\"70\" \/><\/p>\n<h5> Fotokopier-Service<\/h5>\n<h6>am Empfang<\/h6>\n<\/div>\n<div class=\"one_fourth last_column\">\n<img loading=\"lazy\" decoding=\"async\" class=\"aligncenter size-full wp-image-6463\" src=\"https:\/\/www.marina-holyder.com\/wp-content\/uploads\/2017\/09\/restaurant.png\" alt=\"120 couverts Marina Hoyder\" width=\"70\" height=\"70\" \/><\/p>\n<h5>Vor-Ort-Restaurant<\/h5>\n<h6>120 Pl\u00e4tze<\/h6>\n<\/div>\n<div class=\"one_fourth\">\n<img loading=\"lazy\" decoding=\"async\" class=\"aligncenter size-full wp-image-6471\" src=\"https:\/\/www.marina-holyder.com\/wp-content\/uploads\/2017\/09\/Accueil-multilingue.png\" alt=\"Accueil multilingue\" width=\"70\" height=\"70\" \/><\/p>\n<h5>Mehrsprachiger Empfang<\/h5>\n<h6>Franz\u00f6sisch, Deutsch, Englisch, Italienisch<\/h6>\n<\/div>\n<div class=\"one_fourth\">\n<img loading=\"lazy\" decoding=\"async\" class=\"aligncenter size-full wp-image-6462\" src=\"https:\/\/www.marina-holyder.com\/wp-content\/uploads\/2017\/09\/plage.png\" alt=\"Plage a proximit\u00e9\" width=\"70\" height=\"70\" \/><\/p>\n<h5>Strand in der N\u00e4he<\/h5>\n<h6>&#8211;<\/h6>\n<\/div>\n<div class=\"one_fourth\">\n<img loading=\"lazy\" decoding=\"async\" class=\"aligncenter size-full wp-image-6461\" src=\"https:\/\/www.marina-holyder.com\/wp-content\/uploads\/2017\/09\/parking.png\" alt=\"Parking gratuit Marina Holyder\" width=\"70\" height=\"70\" \/><\/p>\n<h5>\u00d6ffentliche Parkpl\u00e4tze<\/h5>\n<h6>in der N\u00e4he Ihrer Wohnungen<\/h6>\n<\/div>\n<div class=\"one_fourth last_column\">\n<img loading=\"lazy\" decoding=\"async\" class=\"aligncenter size-full wp-image-6465\" src=\"https:\/\/www.marina-holyder.com\/wp-content\/uploads\/2017\/09\/wifi.png\" alt=\"WIFI Marina Holyder\" width=\"70\" height=\"70\" \/><\/p>\n<h5>Wifi<\/h5>\n<h6>KOSTENLOS und unbegrenzt in den \u00f6ffentlichen Bereichen der Residenz<\/h6>\n<\/div>\n\t\t\t\t\t<div class=\"clear\"><\/div>\n\t\t\t\t<\/div>\n\t\t\t<\/div>\n\t\t\t<div class=\"clear\"><\/div>\n\t\t\t\n<div class=\"clear\"><\/div>\n<p>&nbsp;<\/p>\n<div class=\"one_fourth\">\n<img loading=\"lazy\" decoding=\"async\" class=\"aligncenter size-full wp-image-7503\" src=\"https:\/\/www.marina-holyder.com\/wp-content\/uploads\/2014\/02\/home02-lac-duder.jpg\" alt=\"R\u00e9sidence Marina Holyder\" width=\"450\" height=\"300\" srcset=\"https:\/\/www.marina-holyder.com\/wp-content\/uploads\/2014\/02\/home02-lac-duder.jpg 450w, https:\/\/www.marina-holyder.com\/wp-content\/uploads\/2014\/02\/home02-lac-duder-300x200.jpg 300w\" sizes=\"auto, (max-width: 450px) 100vw, 450px\" \/><\/p>\n<h4>Wohnungen<\/h4>\n<p><i class=\"fa fa-arrow-right\" style=\"padding-right: 10px;\" aria-hidden=\"true\"><\/i>Schlafzimmer mit Doppelbett oder zwei Einzelbetten,<br \/>\n<i class=\"fa fa-arrow-right\" style=\"padding-right: 10px;\" aria-hidden=\"true\"><\/i>von 33 m\u00b2 bis 60 m\u00b2<br \/>\n<i class=\"fa fa-arrow-right\" style=\"padding-right: 10px;\" aria-hidden=\"true\"><\/i>Einzelstehendes Haus<br \/>\n<i class=\"fa fa-arrow-right\" style=\"padding-right: 10px;\" aria-hidden=\"true\"><\/i>Wohnzimmer mit TV, Schlafsofa f\u00fcr 2 Personen<br \/>\n<i class=\"fa fa-arrow-right\" style=\"padding-right: 10px;\" aria-hidden=\"true\"><\/i>Wohnraum,<br \/>\n<i class=\"fa fa-arrow-right\" style=\"padding-right: 10px;\" aria-hidden=\"true\"><\/i>K\u00fcchenzeile,<br \/>\n<i class=\"fa fa-arrow-right\" style=\"padding-right: 10px;\" aria-hidden=\"true\"><\/i>TV,<br \/>\n<i class=\"fa fa-arrow-right\" style=\"padding-right: 10px;\" aria-hidden=\"true\"><\/i>Dusche oder Bad.<\/p>\n<p><a class=\"btnB01 btnB01-secondary\" style=\"width: 70%;\" href=\"https:\/\/www.marina-holyder.com\/de\/ferienanlage\/\">Mehr dazu<\/a><\/p>\n<\/div>\n<div class=\"one_fourth\">\n<img loading=\"lazy\" decoding=\"async\" class=\"aligncenter size-full wp-image-7609\" src=\"https:\/\/www.marina-holyder.com\/wp-content\/uploads\/2014\/01\/restaurant-seminaire.jpg\" alt=\"Marina Holyder Restaurant\" width=\"450\" height=\"300\" srcset=\"https:\/\/www.marina-holyder.com\/wp-content\/uploads\/2014\/01\/restaurant-seminaire.jpg 450w, https:\/\/www.marina-holyder.com\/wp-content\/uploads\/2014\/01\/restaurant-seminaire-300x200.jpg 300w\" sizes=\"auto, (max-width: 450px) 100vw, 450px\" \/><\/p>\n<h4>Men\u00fcs ganz nach Ihrem Budget<\/h4>\n<p><i class=\"fa fa-arrow-right\" style=\"padding-right: 10px;\" aria-hidden=\"true\"><\/i>Gro\u00dfes Restaurant und Bar auf dem Gel\u00e4nde der Anlage<br \/>\n<i class=\"fa fa-arrow-right\" style=\"padding-right: 10px;\" aria-hidden=\"true\"><\/i>Die Verpflegung von Gruppen ist nur auf Vorreservierung m\u00f6glich.<br \/>\n<i class=\"fa fa-arrow-right\" style=\"padding-right: 10px;\" aria-hidden=\"true\"><\/i><strong>120 Sitzpl\u00e4tze. Bei gutem Wetter Service auf der Terrasse.<\/strong><br \/>\n<i class=\"fa fa-arrow-right\" style=\"padding-right: 10px;\" aria-hidden=\"true\"><\/i>Fr\u00fchst\u00fccksbuffet, Willkommenstrunk, Pausenverpflegung (vor Ort bzw. am Ort der Veranstaltung).<\/p>\n<p><a class=\"btnB01 btnB01-secondary\" style=\"width: 70%;\" href=\"https:\/\/www.marina-holyder.com\/de\/restaurant\/\">Mehr dazu<\/a><br \/>\n<\/div>\n<div class=\"one_fourth\">\n<img loading=\"lazy\" decoding=\"async\" class=\"aligncenter size-full wp-image-7614\" src=\"https:\/\/www.marina-holyder.com\/wp-content\/uploads\/2014\/01\/activites-seminaires.jpg\" alt=\"Loisirs Marina Holyder\" width=\"450\" height=\"300\" srcset=\"https:\/\/www.marina-holyder.com\/wp-content\/uploads\/2014\/01\/activites-seminaires.jpg 450w, https:\/\/www.marina-holyder.com\/wp-content\/uploads\/2014\/01\/activites-seminaires-300x200.jpg 300w\" sizes=\"auto, (max-width: 450px) 100vw, 450px\" \/><\/p>\n<h4>Aktivit\u00e4ten und Erholung rund um den See<\/h4>\n<p><i class=\"fa fa-arrow-right\" style=\"padding-right: 10px;\" aria-hidden=\"true\"><\/i>Raum f\u00fcr Ihre Entspannung: beheiztes Hallenbad, Jacuzzi, Sauna, Dampfbad<br \/>\n<i class=\"fa fa-arrow-right\" style=\"padding-right: 10px;\" aria-hidden=\"true\"><\/i>Aktivit\u00e4ten auf dem See: Angeln, Segeln, Jet-Ski, Wasserski, Kanu\/Kajak &#8230;<br \/>\n<i class=\"fa fa-arrow-right\" style=\"padding-right: 10px;\" aria-hidden=\"true\"><\/i>Radtour auf dem Dammweg (38 km)<br \/>\n<i class=\"fa fa-arrow-right\" style=\"padding-right: 10px;\" aria-hidden=\"true\"><\/i>Ornithologische Erkundungen (mehr als 270 Arten)<br \/>\n<i class=\"fa fa-arrow-right\" style=\"padding-right: 10px;\" aria-hidden=\"true\"><\/i>Kletterparcours, Minigolf &#8230;<br \/>\n<i class=\"fa fa-arrow-right\" style=\"padding-right: 10px;\" aria-hidden=\"true\"><\/i><strong>Kellerf\u00fchrungen und Weinproben in der Champagne<\/strong><br \/>\n<i class=\"fa fa-arrow-right\" style=\"padding-right: 10px;\" aria-hidden=\"true\"><\/i>Tour Fachwerkkirchen<\/p>\n<\/div>\n<div class=\"one_fourth last_column\">\n<img loading=\"lazy\" decoding=\"async\" class=\"aligncenter size-full wp-image-7504\" src=\"https:\/\/www.marina-holyder.com\/wp-content\/uploads\/2014\/02\/home03-lac-duder.jpg\" alt=\"Lac du Der Jet-ski\" width=\"450\" height=\"300\" srcset=\"https:\/\/www.marina-holyder.com\/wp-content\/uploads\/2014\/02\/home03-lac-duder.jpg 450w, https:\/\/www.marina-holyder.com\/wp-content\/uploads\/2014\/02\/home03-lac-duder-300x200.jpg 300w\" sizes=\"auto, (max-width: 450px) 100vw, 450px\" \/><\/p>\n<h4>Sportliche Events<\/h4>\n<p>Mit unseren lokalen Partnern k\u00f6nnen wir Sport- oder Spielevents je nach Ihrem Bedarf organisieren, um Ihre Teams zu motivieren und den Gruppenzusammenhalt zu st\u00e4rken.<br \/>\nJe nach Jahreszeit k\u00f6nnen wir auch kulturelle Ausfl\u00fcge oder Vogelbeobachtungstouren  organisieren.<br \/>\nSie k\u00f6nnen auch eine Tour durch die Weinkeller der Champagne oder unser Spezialangebot \u201eWeinkunde-Turnier\u201c w\u00e4hlen, das sicher eine bleibende Erinnerung f\u00fcr alle hinterlassen wird.<br \/>\n<a class=\"btnB01 btnB01-secondary\" style=\"width: 70%;\" href=\"https:\/\/www.marina-holyder.com\/de\/lage\/\">Preise auf Anfrage<\/a><br \/>\n<\/div>\n","protected":false},"excerpt":{"rendered":"<p>Ein einzigartiges Ambiente f\u00fcr Ihre Seminare auf dem Land, mit Blick auf den gr\u00f6\u00dften k\u00fcnstlichen See Europas (4.800 ha): den lac du DER &nbsp; &nbsp;<\/p>\n","protected":false},"author":2,"featured_media":0,"parent":0,"menu_order":0,"comment_status":"closed","ping_status":"closed","template":"page-FullWidth.php","meta":{"footnotes":""},"class_list":["post-3244","page","type-page","status-publish","hentry"],"yoast_head":"<!-- This site is optimized with the Yoast SEO plugin v27.4 - https:\/\/yoast.com\/product\/yoast-seo-wordpress\/ -->\n<title>Seminare - Location Lac du Der - R\u00e9sidence Marina Holyder<\/title>\n<meta name=\"robots\" content=\"index, follow, max-snippet:-1, max-image-preview:large, max-video-preview:-1\" \/>\n<link rel=\"canonical\" href=\"https:\/\/www.marina-holyder.com\/de\/seminare\/\" \/>\n<meta property=\"og:locale\" content=\"de_DE\" \/>\n<meta property=\"og:type\" content=\"article\" \/>\n<meta property=\"og:title\" content=\"Seminare - Location Lac du Der - R\u00e9sidence Marina Holyder\" \/>\n<meta property=\"og:description\" content=\"Ein einzigartiges Ambiente f\u00fcr Ihre Seminare auf dem Land, mit Blick auf den gr\u00f6\u00dften k\u00fcnstlichen See Europas (4.800 ha): den lac du DER &nbsp; &nbsp;\" \/>\n<meta property=\"og:url\" content=\"https:\/\/www.marina-holyder.com\/de\/seminare\/\" \/>\n<meta property=\"og:site_name\" content=\"Location Lac du Der - R\u00e9sidence Marina Holyder\" \/>\n<meta property=\"article:modified_time\" content=\"2018-05-24T11:52:54+00:00\" \/>\n<meta property=\"og:image\" content=\"https:\/\/www.marina-holyder.com\/wp-content\/uploads\/2017\/09\/semainaires.png\" \/>\n<meta name=\"twitter:card\" content=\"summary_large_image\" \/>\n<meta name=\"twitter:label1\" content=\"Gesch\u00e4tzte Lesezeit\" \/>\n\t<meta name=\"twitter:data1\" content=\"2\u00a0Minuten\" \/>\n<script type=\"application\/ld+json\" class=\"yoast-schema-graph\">{\"@context\":\"https:\\\/\\\/schema.org\",\"@graph\":[{\"@type\":\"WebPage\",\"@id\":\"https:\\\/\\\/www.marina-holyder.com\\\/de\\\/seminare\\\/\",\"url\":\"https:\\\/\\\/www.marina-holyder.com\\\/de\\\/seminare\\\/\",\"name\":\"Seminare - Location Lac du Der - R\u00e9sidence Marina Holyder\",\"isPartOf\":{\"@id\":\"https:\\\/\\\/www.marina-holyder.com\\\/#website\"},\"primaryImageOfPage\":{\"@id\":\"https:\\\/\\\/www.marina-holyder.com\\\/de\\\/seminare\\\/#primaryimage\"},\"image\":{\"@id\":\"https:\\\/\\\/www.marina-holyder.com\\\/de\\\/seminare\\\/#primaryimage\"},\"thumbnailUrl\":\"https:\\\/\\\/www.marina-holyder.com\\\/wp-content\\\/uploads\\\/2017\\\/09\\\/semainaires.png\",\"datePublished\":\"2014-10-29T14:51:09+00:00\",\"dateModified\":\"2018-05-24T11:52:54+00:00\",\"breadcrumb\":{\"@id\":\"https:\\\/\\\/www.marina-holyder.com\\\/de\\\/seminare\\\/#breadcrumb\"},\"inLanguage\":\"de\",\"potentialAction\":[{\"@type\":\"ReadAction\",\"target\":[\"https:\\\/\\\/www.marina-holyder.com\\\/de\\\/seminare\\\/\"]}]},{\"@type\":\"ImageObject\",\"inLanguage\":\"de\",\"@id\":\"https:\\\/\\\/www.marina-holyder.com\\\/de\\\/seminare\\\/#primaryimage\",\"url\":\"https:\\\/\\\/www.marina-holyder.com\\\/wp-content\\\/uploads\\\/2017\\\/09\\\/semainaires.png\",\"contentUrl\":\"https:\\\/\\\/www.marina-holyder.com\\\/wp-content\\\/uploads\\\/2017\\\/09\\\/semainaires.png\"},{\"@type\":\"BreadcrumbList\",\"@id\":\"https:\\\/\\\/www.marina-holyder.com\\\/de\\\/seminare\\\/#breadcrumb\",\"itemListElement\":[{\"@type\":\"ListItem\",\"position\":1,\"name\":\"Accueil\",\"item\":\"https:\\\/\\\/www.marina-holyder.com\\\/de\\\/\"},{\"@type\":\"ListItem\",\"position\":2,\"name\":\"Seminare\"}]},{\"@type\":\"WebSite\",\"@id\":\"https:\\\/\\\/www.marina-holyder.com\\\/#website\",\"url\":\"https:\\\/\\\/www.marina-holyder.com\\\/\",\"name\":\"Location Lac du Der - R\u00e9sidence Marina Holyder\",\"description\":\"Locations de vacances au bord du lac du Der\",\"potentialAction\":[{\"@type\":\"SearchAction\",\"target\":{\"@type\":\"EntryPoint\",\"urlTemplate\":\"https:\\\/\\\/www.marina-holyder.com\\\/?s={search_term_string}\"},\"query-input\":{\"@type\":\"PropertyValueSpecification\",\"valueRequired\":true,\"valueName\":\"search_term_string\"}}],\"inLanguage\":\"de\"}]}<\/script>\n<!-- \/ Yoast SEO plugin. -->","yoast_head_json":{"title":"Seminare - Location Lac du Der - R\u00e9sidence Marina Holyder","robots":{"index":"index","follow":"follow","max-snippet":"max-snippet:-1","max-image-preview":"max-image-preview:large","max-video-preview":"max-video-preview:-1"},"canonical":"https:\/\/www.marina-holyder.com\/de\/seminare\/","og_locale":"de_DE","og_type":"article","og_title":"Seminare - Location Lac du Der - R\u00e9sidence Marina Holyder","og_description":"Ein einzigartiges Ambiente f\u00fcr Ihre Seminare auf dem Land, mit Blick auf den gr\u00f6\u00dften k\u00fcnstlichen See Europas (4.800 ha): den lac du DER &nbsp; &nbsp;","og_url":"https:\/\/www.marina-holyder.com\/de\/seminare\/","og_site_name":"Location Lac du Der - R\u00e9sidence Marina Holyder","article_modified_time":"2018-05-24T11:52:54+00:00","og_image":[{"url":"https:\/\/www.marina-holyder.com\/wp-content\/uploads\/2017\/09\/semainaires.png","type":"","width":"","height":""}],"twitter_card":"summary_large_image","twitter_misc":{"Gesch\u00e4tzte Lesezeit":"2\u00a0Minuten"},"schema":{"@context":"https:\/\/schema.org","@graph":[{"@type":"WebPage","@id":"https:\/\/www.marina-holyder.com\/de\/seminare\/","url":"https:\/\/www.marina-holyder.com\/de\/seminare\/","name":"Seminare - Location Lac du Der - R\u00e9sidence Marina Holyder","isPartOf":{"@id":"https:\/\/www.marina-holyder.com\/#website"},"primaryImageOfPage":{"@id":"https:\/\/www.marina-holyder.com\/de\/seminare\/#primaryimage"},"image":{"@id":"https:\/\/www.marina-holyder.com\/de\/seminare\/#primaryimage"},"thumbnailUrl":"https:\/\/www.marina-holyder.com\/wp-content\/uploads\/2017\/09\/semainaires.png","datePublished":"2014-10-29T14:51:09+00:00","dateModified":"2018-05-24T11:52:54+00:00","breadcrumb":{"@id":"https:\/\/www.marina-holyder.com\/de\/seminare\/#breadcrumb"},"inLanguage":"de","potentialAction":[{"@type":"ReadAction","target":["https:\/\/www.marina-holyder.com\/de\/seminare\/"]}]},{"@type":"ImageObject","inLanguage":"de","@id":"https:\/\/www.marina-holyder.com\/de\/seminare\/#primaryimage","url":"https:\/\/www.marina-holyder.com\/wp-content\/uploads\/2017\/09\/semainaires.png","contentUrl":"https:\/\/www.marina-holyder.com\/wp-content\/uploads\/2017\/09\/semainaires.png"},{"@type":"BreadcrumbList","@id":"https:\/\/www.marina-holyder.com\/de\/seminare\/#breadcrumb","itemListElement":[{"@type":"ListItem","position":1,"name":"Accueil","item":"https:\/\/www.marina-holyder.com\/de\/"},{"@type":"ListItem","position":2,"name":"Seminare"}]},{"@type":"WebSite","@id":"https:\/\/www.marina-holyder.com\/#website","url":"https:\/\/www.marina-holyder.com\/","name":"Location Lac du Der - R\u00e9sidence Marina Holyder","description":"Locations de vacances au bord du lac du Der","potentialAction":[{"@type":"SearchAction","target":{"@type":"EntryPoint","urlTemplate":"https:\/\/www.marina-holyder.com\/?s={search_term_string}"},"query-input":{"@type":"PropertyValueSpecification","valueRequired":true,"valueName":"search_term_string"}}],"inLanguage":"de"}]}},"_links":{"self":[{"href":"https:\/\/www.marina-holyder.com\/de\/wp-json\/wp\/v2\/pages\/3244","targetHints":{"allow":["GET"]}}],"collection":[{"href":"https:\/\/www.marina-holyder.com\/de\/wp-json\/wp\/v2\/pages"}],"about":[{"href":"https:\/\/www.marina-holyder.com\/de\/wp-json\/wp\/v2\/types\/page"}],"author":[{"embeddable":true,"href":"https:\/\/www.marina-holyder.com\/de\/wp-json\/wp\/v2\/users\/2"}],"replies":[{"embeddable":true,"href":"https:\/\/www.marina-holyder.com\/de\/wp-json\/wp\/v2\/comments?post=3244"}],"version-history":[{"count":9,"href":"https:\/\/www.marina-holyder.com\/de\/wp-json\/wp\/v2\/pages\/3244\/revisions"}],"predecessor-version":[{"id":9254,"href":"https:\/\/www.marina-holyder.com\/de\/wp-json\/wp\/v2\/pages\/3244\/revisions\/9254"}],"wp:attachment":[{"href":"https:\/\/www.marina-holyder.com\/de\/wp-json\/wp\/v2\/media?parent=3244"}],"curies":[{"name":"wp","href":"https:\/\/api.w.org\/{rel}","templated":true}]}}