{"id":3240,"date":"2014-10-29T15:38:59","date_gmt":"2014-10-29T14:38:59","guid":{"rendered":"https:\/\/www.marina-holyder.com\/?page_id=3240"},"modified":"2024-10-03T08:50:52","modified_gmt":"2024-10-03T06:50:52","slug":"ferienanlage","status":"publish","type":"page","link":"https:\/\/www.marina-holyder.com\/de\/ferienanlage\/","title":{"rendered":"Ferienanlage"},"content":{"rendered":"<h1>Ferienh\u00e4user Marina Holyder<\/h1>\n<h2>43 Wohnungen in einzelnen H\u00e4usern (von 33 m\u00b2 bis 60 m\u00b2) mit allem Komfort ausgestattet, Schlafzimmer mit einem Doppelbett oder mit zwei Einzelbetten, Wohnraum, kleine K\u00fcche, TV, Dusche oder Bad.<\/h2>\n<div class=\"one_third\">\n<div class=\"custom \" style=\"background:-moz-linear-gradient(center top , #F9F9F9, #F9F9F9) repeat scroll 0 0 transparent;\n\t\t\t\t\t\t   background: -webkit-gradient(linear, center top, center bottom, from(#F9F9F9), to(#F9F9F9));\n\t\t\t\t\t\t   background: -o-linear-gradient(top, #F9F9F9 0%,#F9F9F9 99%); \/* Opera 11.10+ *\/\n\t\t\t\t\t\t   background: -ms-linear-gradient(top, #F9F9F9 0%,#F9F9F9 99%); \/* IE10+ *\/\n\t\t\t\t\t\t   margin-left:0 !important;\n\t\t\t\t\t\t   margin-right:0 !important;\n\t\t\t\t\t\t   border:1px solid #DFDFDF;\n\t\t\t\t\t\t   background-color: #F9F9F9;\n\t\t\t\t\t\t   width:100%;\n\t\t\t\t\t\t   color:#555555;\"><div class=\"inner-padding\">\n<img loading=\"lazy\" decoding=\"async\" class=\"aligncenter size-full wp-image-8288\" src=\"https:\/\/www.marina-holyder.com\/wp-content\/uploads\/2017\/10\/cottage-amaryllis-01-min.jpg\" alt=\"Mod\u00e8le Amaryllis\" width=\"300\" height=\"225\" \/><\/p>\n<h4 style=\"color: #a0c132;\">2 bis 4 Personen<\/h4>\n<h3 style=\"color: #a0c132;\">Typ AMARYLLIS<\/h3>\n<p><a href=\"https:\/\/www.marina-holyder.com\/wp-content\/uploads\/2014\/11\/plan-amaryllis-v04.jpg\" rel=\"wp-prettyPhoto&#091;3240&#093;\"><strong>Sien den PLAN &gt;<\/strong><\/a><\/p>\n<p><a class=\"btnV01 btnV01-secondary\" href=\"https:\/\/www.marina-holyder.com\/nl\/tarieven\/\">Zun den preisen <\/a><br \/>\n<\/div><\/div>\n<\/div>\n<div class=\"one_third\">\n<div class=\"custom \" style=\"background:-moz-linear-gradient(center top , #F9F9F9, #F9F9F9) repeat scroll 0 0 transparent;\n\t\t\t\t\t\t   background: -webkit-gradient(linear, center top, center bottom, from(#F9F9F9), to(#F9F9F9));\n\t\t\t\t\t\t   background: -o-linear-gradient(top, #F9F9F9 0%,#F9F9F9 99%); \/* Opera 11.10+ *\/\n\t\t\t\t\t\t   background: -ms-linear-gradient(top, #F9F9F9 0%,#F9F9F9 99%); \/* IE10+ *\/\n\t\t\t\t\t\t   margin-left:0 !important;\n\t\t\t\t\t\t   margin-right:0 !important;\n\t\t\t\t\t\t   border:1px solid #DFDFDF;\n\t\t\t\t\t\t   background-color: #F9F9F9;\n\t\t\t\t\t\t   width:100%;\n\t\t\t\t\t\t   color:#555555;\"><div class=\"inner-padding\">\n<p><img loading=\"lazy\" decoding=\"async\" class=\"aligncenter size-medium wp-image-1679\" src=\"https:\/\/www.marina-holyder.com\/wp-content\/uploads\/2014\/01\/bleuet-marina-holyder-300x225.jpg\" alt=\"Mod\u00e8le Bleuet\" width=\"300\" height=\"225\" srcset=\"https:\/\/www.marina-holyder.com\/wp-content\/uploads\/2014\/01\/bleuet-marina-holyder-300x225.jpg 300w, https:\/\/www.marina-holyder.com\/wp-content\/uploads\/2014\/01\/bleuet-marina-holyder-768x576.jpg 768w, https:\/\/www.marina-holyder.com\/wp-content\/uploads\/2014\/01\/bleuet-marina-holyder.jpg 800w\" sizes=\"auto, (max-width: 300px) 100vw, 300px\" \/><\/p>\n<h4 style=\"color: #cf3a93;\">4 bis 6 Personen<\/h4>\n<h3 style=\"color: #cf3a93;\">Typ BLEUET<\/h3>\n<p><a href=\"https:\/\/www.marina-holyder.com\/wp-content\/uploads\/2014\/11\/plan-bleuet-v04.jpg\" rel=\"wp-prettyPhoto&#091;3240&#093;\"><strong>Sien den PLAN &gt;<\/strong><\/a><\/p>\n<p><a class=\"btnR01 btnR01-secondary\" href=\"https:\/\/www.marina-holyder.com\/nl\/tarieven\/\">Zun den preisen<\/a><br \/>\n<\/div><\/div>\n<\/div>\n<div class=\"one_third last_column\">\n<div class=\"custom \" style=\"background:-moz-linear-gradient(center top , #F9F9F9, #F9F9F9) repeat scroll 0 0 transparent;\n\t\t\t\t\t\t   background: -webkit-gradient(linear, center top, center bottom, from(#F9F9F9), to(#F9F9F9));\n\t\t\t\t\t\t   background: -o-linear-gradient(top, #F9F9F9 0%,#F9F9F9 99%); \/* Opera 11.10+ *\/\n\t\t\t\t\t\t   background: -ms-linear-gradient(top, #F9F9F9 0%,#F9F9F9 99%); \/* IE10+ *\/\n\t\t\t\t\t\t   margin-left:0 !important;\n\t\t\t\t\t\t   margin-right:0 !important;\n\t\t\t\t\t\t   border:1px solid #DFDFDF;\n\t\t\t\t\t\t   background-color: #F9F9F9;\n\t\t\t\t\t\t   width:100%;\n\t\t\t\t\t\t   color:#555555;\"><div class=\"inner-padding\">\n<p><img loading=\"lazy\" decoding=\"async\" class=\"aligncenter size-medium wp-image-1680\" src=\"https:\/\/www.marina-holyder.com\/wp-content\/uploads\/2014\/01\/campanule-300x225.jpg\" alt=\"Mod\u00e8le Campanule\" width=\"300\" height=\"225\" srcset=\"https:\/\/www.marina-holyder.com\/wp-content\/uploads\/2014\/01\/campanule-300x225.jpg 300w, https:\/\/www.marina-holyder.com\/wp-content\/uploads\/2014\/01\/campanule.jpg 640w\" sizes=\"auto, (max-width: 300px) 100vw, 300px\" \/><\/p>\n<h4 style=\"color: #5fb7b7;\">6 bis 8 Personen<\/h4>\n<h3 style=\"color: #5fb7b7;\">Typ CAMPANULE<\/h3>\n<p><a href=\"https:\/\/www.marina-holyder.com\/wp-content\/uploads\/2014\/11\/plan-campanule-04.jpg\" rel=\"wp-prettyPhoto&#091;3240&#093;\"><strong>Sien den PLAN &gt;<\/strong><\/a><\/p>\n<p><a class=\"btnB01 btnB01-secondary\" href=\"href=\">Zun den preisen<\/a><br \/>\n<\/div><\/div>\n<\/div>\n<div class=\"clear\"><\/div>\n\t\t\t<style type=\"text\/css\">\n\t\t\t\t#content-block-background-1642 { background-image: url(#); background-position: center top; background-repeat: repeat-x; background-color: #5fb7b7; background-attachment: fixed; background-size: auto; }\n\t\t\t\t#content-block-body-1642 { padding: 60px 0; color: #FFFFFF; }\n\t\t\t\t.content-block-body { margin-left: auto; margin-right: auto; position: relative; }\n\t\t\t<\/style>\n\t\t\t\t\t\t\t<style type=\"text\/css\">\n\t\t\t\t\t#wrapper-1 { overflow-x: hidden; }\n\t\t\t\t\t#content-block-background-1642 { margin: 0 -10000px; padding: 0 10000px; }\n\t\t\t\t<\/style>\n\t\t\t\n\t\t\t\t\t\t<script type=\"text\/javascript\">\n\t\t\t\t\/\/ <![CDATA[\n\t\t\t\tjQuery(document).ready(function($){\n\t\t\t\t\t\"use strict\";\n\t\t\t\t\tif( ! $(\"body\").hasClass( \"mobile-detected\" ) ){\n\t\t\t\t\t\t$(\"#content-block-background-\"+1642).each(function(){\n\t\t\t\t\t\t\tvar $bgobj = $(this); \/\/ Assigning the object.\n\t\t\t\t\t\t\tvar xPos = 'center'; \/\/ x bg position value from the user shortcode.\n\t\t\t\t\t\t\t$(window).scroll(function() {\n\t\t\t\t\t\t\t\tvar yPos = -($(window).scrollTop() \/ 3);\n\t\t\t\t\t\t\t\t\/\/ Put together our final background position.\n\t\t\t\t\t\t\t\tvar coords = xPos+' '+yPos+'px';\n\t\t\t\t\t\t\t\t\/\/ Move the background.\n\t\t\t\t\t\t\t\t$bgobj.css({ backgroundPosition: coords });\n\t\t\t\t\t\t\t});\n\t\t\t\t\t\t});\n\t\t\t\t\t}\n\t\t\t\t});\n\t\t\t\t\/\/ ]]>\n\t\t\t<\/script>\n\t\t\t\n\t\t\t<div class=\"clear\"><\/div>\n\t\t\t<div id=\"content-block-background-1642\" class=\"content-block-background class-name\">\n\t\t\t\t<div id=\"content-block-body-1642\" class=\"content-block-body\">\n\t\t\t\t\t<div class=\"clear\"><\/div>\n\t\t\t\t\t\n<div class=\"one_half\">\n\t\t\t<script src=\"\/\/www.marina-holyder.com\/wp-content\/plugins\/revslider\/public\/assets\/js\/rbtools.min.js?rev=6.6.20\"><\/script>\n\t\t\t<script src=\"\/\/www.marina-holyder.com\/wp-content\/plugins\/revslider\/public\/assets\/js\/rs6.min.js?rev=6.6.20\"><\/script>\n\n\t\t\t<!-- START residence 01 REVOLUTION SLIDER 6.6.20 --><p class=\"rs-p-wp-fix\"><\/p>\n\t\t\t<rs-module-wrap id=\"rev_slider_4_1_wrapper\" data-source=\"gallery\" style=\"visibility:hidden;background:transparent;padding:0;margin:0px auto;margin-top:0;margin-bottom:0;\">\n\t\t\t\t<rs-module id=\"rev_slider_4_1\" style=\"\" data-version=\"6.6.20\">\n\t\t\t\t\t<rs-slides style=\"overflow: hidden; position: absolute;\">\n\t\t\t\t\t\t<rs-slide style=\"position: absolute;\" data-key=\"rs-24\" data-title=\"Slide\" data-thumb=\"\/\/www.marina-holyder.com\/wp-content\/uploads\/2017\/10\/residence-02-min-100x50.jpg\" data-anim=\"adpr:false;\">\n\t\t\t\t\t\t\t<img decoding=\"async\" src=\"\/\/www.marina-holyder.com\/wp-content\/plugins\/revslider\/public\/assets\/assets\/dummy.png\" alt=\"\" title=\"Ferienanlage\" class=\"rev-slidebg tp-rs-img rs-lazyload\" data-lazyload=\"\/\/www.marina-holyder.com\/wp-content\/uploads\/2017\/10\/residence-02-min.jpg\" data-no-retina>\n<!---->\t\t\t\t\t\t<\/rs-slide>\n\t\t\t\t\t\t<rs-slide style=\"position: absolute;\" data-key=\"rs-23\" data-title=\"Slide\" data-thumb=\"\/\/www.marina-holyder.com\/wp-content\/uploads\/2017\/10\/residence-01-min-100x50.jpg\" data-anim=\"adpr:false;\">\n\t\t\t\t\t\t\t<img decoding=\"async\" src=\"\/\/www.marina-holyder.com\/wp-content\/plugins\/revslider\/public\/assets\/assets\/dummy.png\" alt=\"\" title=\"Ferienanlage\" class=\"rev-slidebg tp-rs-img rs-lazyload\" data-lazyload=\"\/\/www.marina-holyder.com\/wp-content\/uploads\/2017\/10\/residence-01-min.jpg\" data-no-retina>\n<!---->\t\t\t\t\t\t<\/rs-slide>\n\t\t\t\t\t\t<rs-slide style=\"position: absolute;\" data-key=\"rs-25\" data-title=\"Slide\" data-thumb=\"\/\/www.marina-holyder.com\/wp-content\/uploads\/2017\/10\/residence-03-min-100x50.jpg\" data-anim=\"adpr:false;\">\n\t\t\t\t\t\t\t<img decoding=\"async\" src=\"\/\/www.marina-holyder.com\/wp-content\/plugins\/revslider\/public\/assets\/assets\/dummy.png\" alt=\"\" title=\"Ferienanlage\" class=\"rev-slidebg tp-rs-img rs-lazyload\" data-lazyload=\"\/\/www.marina-holyder.com\/wp-content\/uploads\/2017\/10\/residence-03-min.jpg\" data-no-retina>\n<!---->\t\t\t\t\t\t<\/rs-slide>\n\t\t\t\t\t\t<rs-slide style=\"position: absolute;\" data-key=\"rs-26\" data-title=\"Slide\" data-thumb=\"\/\/www.marina-holyder.com\/wp-content\/uploads\/2017\/10\/residence-04-min-100x50.jpg\" data-anim=\"adpr:false;\">\n\t\t\t\t\t\t\t<img decoding=\"async\" src=\"\/\/www.marina-holyder.com\/wp-content\/plugins\/revslider\/public\/assets\/assets\/dummy.png\" alt=\"\" title=\"Ferienanlage\" class=\"rev-slidebg tp-rs-img rs-lazyload\" data-lazyload=\"\/\/www.marina-holyder.com\/wp-content\/uploads\/2017\/10\/residence-04-min.jpg\" data-no-retina>\n<!---->\t\t\t\t\t\t<\/rs-slide>\n\t\t\t\t\t\t<rs-slide style=\"position: absolute;\" data-key=\"rs-27\" data-title=\"Slide\" data-thumb=\"\/\/www.marina-holyder.com\/wp-content\/uploads\/2017\/10\/residence-05-min-100x50.jpg\" data-anim=\"adpr:false;\">\n\t\t\t\t\t\t\t<img decoding=\"async\" src=\"\/\/www.marina-holyder.com\/wp-content\/plugins\/revslider\/public\/assets\/assets\/dummy.png\" alt=\"\" title=\"Ferienanlage\" class=\"rev-slidebg tp-rs-img rs-lazyload\" data-lazyload=\"\/\/www.marina-holyder.com\/wp-content\/uploads\/2017\/10\/residence-05-min.jpg\" data-no-retina>\n<!---->\t\t\t\t\t\t<\/rs-slide>\n\t\t\t\t\t\t<rs-slide style=\"position: absolute;\" data-key=\"rs-42\" data-title=\"Slide\" data-thumb=\"\/\/www.marina-holyder.com\/wp-content\/uploads\/2017\/10\/residence-06-min-100x50.jpg\" data-anim=\"adpr:false;\">\n\t\t\t\t\t\t\t<img decoding=\"async\" src=\"\/\/www.marina-holyder.com\/wp-content\/plugins\/revslider\/public\/assets\/assets\/dummy.png\" alt=\"\" title=\"Ferienanlage\" class=\"rev-slidebg tp-rs-img rs-lazyload\" data-lazyload=\"\/\/www.marina-holyder.com\/wp-content\/uploads\/2017\/10\/residence-06-min.jpg\" data-no-retina>\n<!---->\t\t\t\t\t\t<\/rs-slide>\n\t\t\t\t\t<\/rs-slides>\n\t\t\t\t<\/rs-module>\n\t\t\t\t<script>\n\t\t\t\t\tsetREVStartSize({c: 'rev_slider_4_1',rl:[1240,1024,778,480],el:[],gw:[556],gh:[556],type:'standard',justify:'',layout:'fullwidth',mh:\"0\"});if (window.RS_MODULES!==undefined && window.RS_MODULES.modules!==undefined && window.RS_MODULES.modules[\"revslider41\"]!==undefined) {window.RS_MODULES.modules[\"revslider41\"].once = false;window.revapi4 = undefined;if (window.RS_MODULES.checkMinimal!==undefined) window.RS_MODULES.checkMinimal()}\n\t\t\t\t<\/script>\n\t\t\t<\/rs-module-wrap>\n\t\t\t<!-- END REVOLUTION SLIDER -->\n\n<\/div>\n<div class=\"one_half last_column\">\n<h3>DE ACCOMODATIE<\/h3>\n<h4>&#8222;Un art de vivre&#8220; oder Lebenskunst auf franz\u00f6sisch<\/h4>\n<p>Die Ferienh\u00e4user der Halbinsel \u201eRougemer\u201c wurden konzipiert, um Ihnen Entspannung, Komfort und Lebensfreude zu bieten.<br \/>\nBunte H\u00e4user, mit einer harmonischen Verbindung von lebendigen Farben und Fensterl\u00e4den aus Holz in Pastellt\u00f6nen, mit einer warmen Atmosph\u00e4re im Innern durch die Verwendung von Naturh\u00f6lzern.<br \/>\nLassen Sie sich von der Lebensfreude dieses Feriendorfes anstecken und entdecken Sie seinen unvergleichlichen Charme.<\/p>\n<h4>Eine kreative und lebendige Architektur<\/h4>\n<p>Ein privates Grundst\u00fcck umgibt Ihr Ferienhaus. Gartentisch und -st\u00fchle sowie ein Sonnenschirm warten auf Sie in einem angrenzenden Schuppen. Innen verf\u00fcgt Ihre K\u00fcchenzeile im amerikanischen Stil \u00fcber eine gro\u00dfe K\u00fchl-Gefrier-Kombination, eine Mikrowelle und sogar einen Geschirrsp\u00fcler. Im Wohnzimmer erwartet Sie ein Fernseher.<\/p>\n<h4>Hohe Qualit\u00e4t auf \u00f6kologischer Grundlage<\/h4>\n<p>Sie werden die Qualit\u00e4t der Bauweise zu sch\u00e4tzen wissen: edle Naturmaterialien wie Holz, Naturziegel und einfach zu reinigende B\u00f6den. Ihr Ferienhaus besteht aus einem Holzrahmen. Die W\u00e4nde und Decken aus Holz regulieren die Feuchtigkeit und geben Ihnen so ein Gef\u00fchl von unvergleichlichem Komfort. Naturholz verleiht Ihrem Zuhause eine warme Atmosph\u00e4re, die Sie besonders bei den gem\u00fctlichen Abenden mit Ihrer Familie oder mit neuen Urlaubsfreunden genie\u00dfen werden.<\/p>\n<p><a name=\"piscine\"><\/a><br \/>\n<\/div>\n<div class=\"clear\"><\/div>\n\t\t\t<style type=\"text\/css\">\n\t\t\t\t#content-block-background-1744 { background-image: url(#); background-position: center top; background-repeat: repeat-x; background-color: #5fb7b7; background-attachment: fixed; background-size: auto; }\n\t\t\t\t#content-block-body-1744 { padding: 60px 0; color: #FFFFFF; }\n\t\t\t\t.content-block-body { margin-left: auto; margin-right: auto; position: relative; }\n\t\t\t<\/style>\n\t\t\t\t\t\t\t<style type=\"text\/css\">\n\t\t\t\t\t#wrapper-1 { overflow-x: hidden; }\n\t\t\t\t\t#content-block-background-1744 { margin: 0 -10000px; padding: 0 10000px; }\n\t\t\t\t<\/style>\n\t\t\t\n\t\t\t\t\t\t<script type=\"text\/javascript\">\n\t\t\t\t\/\/ <![CDATA[\n\t\t\t\tjQuery(document).ready(function($){\n\t\t\t\t\t\"use strict\";\n\t\t\t\t\tif( ! $(\"body\").hasClass( \"mobile-detected\" ) ){\n\t\t\t\t\t\t$(\"#content-block-background-\"+1744).each(function(){\n\t\t\t\t\t\t\tvar $bgobj = $(this); \/\/ Assigning the object.\n\t\t\t\t\t\t\tvar xPos = 'center'; \/\/ x bg position value from the user shortcode.\n\t\t\t\t\t\t\t$(window).scroll(function() {\n\t\t\t\t\t\t\t\tvar yPos = -($(window).scrollTop() \/ 3);\n\t\t\t\t\t\t\t\t\/\/ Put together our final background position.\n\t\t\t\t\t\t\t\tvar coords = xPos+' '+yPos+'px';\n\t\t\t\t\t\t\t\t\/\/ Move the background.\n\t\t\t\t\t\t\t\t$bgobj.css({ backgroundPosition: coords });\n\t\t\t\t\t\t\t});\n\t\t\t\t\t\t});\n\t\t\t\t\t}\n\t\t\t\t});\n\t\t\t\t\/\/ ]]>\n\t\t\t<\/script>\n\t\t\t\n\t\t\t<div class=\"clear\"><\/div>\n\t\t\t<div id=\"content-block-background-1744\" class=\"content-block-background class-name\">\n\t\t\t\t<div id=\"content-block-body-1744\" class=\"content-block-body\">\n\t\t\t\t\t<div class=\"clear\"><\/div>\n\t\t\t\t\t\t\t\t\t\t<div class=\"clear\"><\/div>\n\t\t\t\t<\/div>\n\t\t\t<\/div>\n\t\t\t<div class=\"clear\"><\/div>\n\t\t\t\n<div class=\"one_half\">\n<img loading=\"lazy\" decoding=\"async\" class=\"aligncenter size-large wp-image-7819\" src=\"https:\/\/www.marina-holyder.com\/wp-content\/uploads\/2024\/10\/activites_marina_holyder.jpg\" alt=\"Lac du Der Jet-ski\" width=\"600\" height=\"400\" \/><br \/>\n<\/div>\n<div class=\"one_half last_column\">\n<h3>Sport-und Freizeitaktivit\u00e4ten in der N\u00e4he<\/h3>\n<p>&nbsp;<\/p>\n<p>In der Ferienanlage Marina Holyder finden Sie <strong> eine Vielzahl an Sport- und Freizeitaktivit\u00e4ten <\/strong> von zahlreichen lokalen Anbietern.<\/p>\n<p>Hier nur einige Beispiele: <strong>Segeln, Jollen, Windsurfen, Katamaran-Segeln, Kanufahren, Wasserski, Jetski, Tretbootfahren, Minigolf, Tennis, Bogenschie\u00dfen, Kletterwand, Basketball, Orientierungslauf, Mini-Zug, ornithologische Erkundungen&#8230; <\/strong><\/p>\n<p>Sie k\u00f6nnen nat\u00fcrlich auch Ihre eigenen pers\u00f6nlichen Wanderungen oder Radtouren organisieren, um auf Entdeckungstour zu gehen. Das Tourismusb\u00fcro hilft Ihnen gerne bei der Planung.<\/p>\n<p>Auf einem speziellen <strong>Radweg<\/strong> k\u00f6nnen Sie den See vollkommen sicher und ungest\u00f6rt umrunden.<br \/>\nVon der Ferienanlage aus haben Sie \u00fcber ein kleines T\u00fcrchen direkten Zugang zu dem Picknick-und dem Kinderspielplatz.<\/p>\n<p><strong>W\u00e4hrend der Saison wird der <\/strong> Strand von einem Rettungsschwimmer \u00fcberwacht.<br \/>\n<a class=\"btnB btnB-secondary\" href=\"https:\/\/www.marina-holyder.com\/de\/freizeitaktivitaten\/\">Mehr dazu<\/a><br \/>\n<\/div>\n\t\t\t\t\t<div class=\"clear\"><\/div>\n\t\t\t\t<\/div>\n\t\t\t<\/div>\n\t\t\t<div class=\"clear\"><\/div>\n\t\t\t\n","protected":false},"excerpt":{"rendered":"<p>Ferienh\u00e4user Marina Holyder 43 Wohnungen in einzelnen H\u00e4usern (von 33 m\u00b2 bis 60 m\u00b2) mit allem Komfort ausgestattet, Schlafzimmer mit einem Doppelbett oder mit zwei Einzelbetten, Wohnraum, kleine K\u00fcche, TV, Dusche oder Bad.<\/p>\n","protected":false},"author":2,"featured_media":0,"parent":0,"menu_order":0,"comment_status":"closed","ping_status":"closed","template":"page-FullWidth.php","meta":{"footnotes":""},"class_list":["post-3240","page","type-page","status-publish","hentry"],"yoast_head":"<!-- This site is optimized with the Yoast SEO plugin v27.5 - https:\/\/yoast.com\/product\/yoast-seo-wordpress\/ -->\n<title>Ferienanlage - Location Lac du Der - R\u00e9sidence Marina Holyder<\/title>\n<meta name=\"robots\" content=\"index, follow, max-snippet:-1, max-image-preview:large, max-video-preview:-1\" \/>\n<link rel=\"canonical\" href=\"https:\/\/www.marina-holyder.com\/de\/ferienanlage\/\" \/>\n<meta property=\"og:locale\" content=\"de_DE\" \/>\n<meta property=\"og:type\" content=\"article\" \/>\n<meta property=\"og:title\" content=\"Ferienanlage - Location Lac du Der - R\u00e9sidence Marina Holyder\" \/>\n<meta property=\"og:description\" content=\"Ferienh\u00e4user Marina Holyder 43 Wohnungen in einzelnen H\u00e4usern (von 33 m\u00b2 bis 60 m\u00b2) mit allem Komfort ausgestattet, Schlafzimmer mit einem Doppelbett oder mit zwei Einzelbetten, Wohnraum, kleine K\u00fcche, TV, Dusche oder Bad.\" \/>\n<meta property=\"og:url\" content=\"https:\/\/www.marina-holyder.com\/de\/ferienanlage\/\" \/>\n<meta property=\"og:site_name\" content=\"Location Lac du Der - R\u00e9sidence Marina Holyder\" \/>\n<meta property=\"article:modified_time\" content=\"2024-10-03T06:50:52+00:00\" \/>\n<meta property=\"og:image\" content=\"https:\/\/www.marina-holyder.com\/wp-content\/uploads\/2017\/10\/cottage-amaryllis-01-min.jpg\" \/>\n<meta name=\"twitter:card\" content=\"summary_large_image\" \/>\n<meta name=\"twitter:label1\" content=\"Gesch\u00e4tzte Lesezeit\" \/>\n\t<meta name=\"twitter:data1\" content=\"4\u00a0Minuten\" \/>\n<script type=\"application\/ld+json\" class=\"yoast-schema-graph\">{\"@context\":\"https:\\\/\\\/schema.org\",\"@graph\":[{\"@type\":\"WebPage\",\"@id\":\"https:\\\/\\\/www.marina-holyder.com\\\/de\\\/ferienanlage\\\/\",\"url\":\"https:\\\/\\\/www.marina-holyder.com\\\/de\\\/ferienanlage\\\/\",\"name\":\"Ferienanlage - Location Lac du Der - R\u00e9sidence Marina Holyder\",\"isPartOf\":{\"@id\":\"https:\\\/\\\/www.marina-holyder.com\\\/#website\"},\"primaryImageOfPage\":{\"@id\":\"https:\\\/\\\/www.marina-holyder.com\\\/de\\\/ferienanlage\\\/#primaryimage\"},\"image\":{\"@id\":\"https:\\\/\\\/www.marina-holyder.com\\\/de\\\/ferienanlage\\\/#primaryimage\"},\"thumbnailUrl\":\"https:\\\/\\\/www.marina-holyder.com\\\/wp-content\\\/uploads\\\/2017\\\/10\\\/cottage-amaryllis-01-min.jpg\",\"datePublished\":\"2014-10-29T14:38:59+00:00\",\"dateModified\":\"2024-10-03T06:50:52+00:00\",\"breadcrumb\":{\"@id\":\"https:\\\/\\\/www.marina-holyder.com\\\/de\\\/ferienanlage\\\/#breadcrumb\"},\"inLanguage\":\"de\",\"potentialAction\":[{\"@type\":\"ReadAction\",\"target\":[\"https:\\\/\\\/www.marina-holyder.com\\\/de\\\/ferienanlage\\\/\"]}]},{\"@type\":\"ImageObject\",\"inLanguage\":\"de\",\"@id\":\"https:\\\/\\\/www.marina-holyder.com\\\/de\\\/ferienanlage\\\/#primaryimage\",\"url\":\"https:\\\/\\\/www.marina-holyder.com\\\/wp-content\\\/uploads\\\/2017\\\/10\\\/cottage-amaryllis-01-min.jpg\",\"contentUrl\":\"https:\\\/\\\/www.marina-holyder.com\\\/wp-content\\\/uploads\\\/2017\\\/10\\\/cottage-amaryllis-01-min.jpg\"},{\"@type\":\"BreadcrumbList\",\"@id\":\"https:\\\/\\\/www.marina-holyder.com\\\/de\\\/ferienanlage\\\/#breadcrumb\",\"itemListElement\":[{\"@type\":\"ListItem\",\"position\":1,\"name\":\"Accueil\",\"item\":\"https:\\\/\\\/www.marina-holyder.com\\\/de\\\/\"},{\"@type\":\"ListItem\",\"position\":2,\"name\":\"Ferienanlage\"}]},{\"@type\":\"WebSite\",\"@id\":\"https:\\\/\\\/www.marina-holyder.com\\\/#website\",\"url\":\"https:\\\/\\\/www.marina-holyder.com\\\/\",\"name\":\"Location Lac du Der - R\u00e9sidence Marina Holyder\",\"description\":\"Locations de vacances au bord du lac du Der\",\"potentialAction\":[{\"@type\":\"SearchAction\",\"target\":{\"@type\":\"EntryPoint\",\"urlTemplate\":\"https:\\\/\\\/www.marina-holyder.com\\\/?s={search_term_string}\"},\"query-input\":{\"@type\":\"PropertyValueSpecification\",\"valueRequired\":true,\"valueName\":\"search_term_string\"}}],\"inLanguage\":\"de\"}]}<\/script>\n<!-- \/ Yoast SEO plugin. -->","yoast_head_json":{"title":"Ferienanlage - Location Lac du Der - R\u00e9sidence Marina Holyder","robots":{"index":"index","follow":"follow","max-snippet":"max-snippet:-1","max-image-preview":"max-image-preview:large","max-video-preview":"max-video-preview:-1"},"canonical":"https:\/\/www.marina-holyder.com\/de\/ferienanlage\/","og_locale":"de_DE","og_type":"article","og_title":"Ferienanlage - Location Lac du Der - R\u00e9sidence Marina Holyder","og_description":"Ferienh\u00e4user Marina Holyder 43 Wohnungen in einzelnen H\u00e4usern (von 33 m\u00b2 bis 60 m\u00b2) mit allem Komfort ausgestattet, Schlafzimmer mit einem Doppelbett oder mit zwei Einzelbetten, Wohnraum, kleine K\u00fcche, TV, Dusche oder Bad.","og_url":"https:\/\/www.marina-holyder.com\/de\/ferienanlage\/","og_site_name":"Location Lac du Der - R\u00e9sidence Marina Holyder","article_modified_time":"2024-10-03T06:50:52+00:00","og_image":[{"url":"https:\/\/www.marina-holyder.com\/wp-content\/uploads\/2017\/10\/cottage-amaryllis-01-min.jpg","type":"","width":"","height":""}],"twitter_card":"summary_large_image","twitter_misc":{"Gesch\u00e4tzte Lesezeit":"4\u00a0Minuten"},"schema":{"@context":"https:\/\/schema.org","@graph":[{"@type":"WebPage","@id":"https:\/\/www.marina-holyder.com\/de\/ferienanlage\/","url":"https:\/\/www.marina-holyder.com\/de\/ferienanlage\/","name":"Ferienanlage - Location Lac du Der - R\u00e9sidence Marina Holyder","isPartOf":{"@id":"https:\/\/www.marina-holyder.com\/#website"},"primaryImageOfPage":{"@id":"https:\/\/www.marina-holyder.com\/de\/ferienanlage\/#primaryimage"},"image":{"@id":"https:\/\/www.marina-holyder.com\/de\/ferienanlage\/#primaryimage"},"thumbnailUrl":"https:\/\/www.marina-holyder.com\/wp-content\/uploads\/2017\/10\/cottage-amaryllis-01-min.jpg","datePublished":"2014-10-29T14:38:59+00:00","dateModified":"2024-10-03T06:50:52+00:00","breadcrumb":{"@id":"https:\/\/www.marina-holyder.com\/de\/ferienanlage\/#breadcrumb"},"inLanguage":"de","potentialAction":[{"@type":"ReadAction","target":["https:\/\/www.marina-holyder.com\/de\/ferienanlage\/"]}]},{"@type":"ImageObject","inLanguage":"de","@id":"https:\/\/www.marina-holyder.com\/de\/ferienanlage\/#primaryimage","url":"https:\/\/www.marina-holyder.com\/wp-content\/uploads\/2017\/10\/cottage-amaryllis-01-min.jpg","contentUrl":"https:\/\/www.marina-holyder.com\/wp-content\/uploads\/2017\/10\/cottage-amaryllis-01-min.jpg"},{"@type":"BreadcrumbList","@id":"https:\/\/www.marina-holyder.com\/de\/ferienanlage\/#breadcrumb","itemListElement":[{"@type":"ListItem","position":1,"name":"Accueil","item":"https:\/\/www.marina-holyder.com\/de\/"},{"@type":"ListItem","position":2,"name":"Ferienanlage"}]},{"@type":"WebSite","@id":"https:\/\/www.marina-holyder.com\/#website","url":"https:\/\/www.marina-holyder.com\/","name":"Location Lac du Der - R\u00e9sidence Marina Holyder","description":"Locations de vacances au bord du lac du Der","potentialAction":[{"@type":"SearchAction","target":{"@type":"EntryPoint","urlTemplate":"https:\/\/www.marina-holyder.com\/?s={search_term_string}"},"query-input":{"@type":"PropertyValueSpecification","valueRequired":true,"valueName":"search_term_string"}}],"inLanguage":"de"}]}},"_links":{"self":[{"href":"https:\/\/www.marina-holyder.com\/de\/wp-json\/wp\/v2\/pages\/3240","targetHints":{"allow":["GET"]}}],"collection":[{"href":"https:\/\/www.marina-holyder.com\/de\/wp-json\/wp\/v2\/pages"}],"about":[{"href":"https:\/\/www.marina-holyder.com\/de\/wp-json\/wp\/v2\/types\/page"}],"author":[{"embeddable":true,"href":"https:\/\/www.marina-holyder.com\/de\/wp-json\/wp\/v2\/users\/2"}],"replies":[{"embeddable":true,"href":"https:\/\/www.marina-holyder.com\/de\/wp-json\/wp\/v2\/comments?post=3240"}],"version-history":[{"count":8,"href":"https:\/\/www.marina-holyder.com\/de\/wp-json\/wp\/v2\/pages\/3240\/revisions"}],"predecessor-version":[{"id":13255,"href":"https:\/\/www.marina-holyder.com\/de\/wp-json\/wp\/v2\/pages\/3240\/revisions\/13255"}],"wp:attachment":[{"href":"https:\/\/www.marina-holyder.com\/de\/wp-json\/wp\/v2\/media?parent=3240"}],"curies":[{"name":"wp","href":"https:\/\/api.w.org\/{rel}","templated":true}]}}