{"id":3234,"date":"2014-10-29T15:15:14","date_gmt":"2014-10-29T14:15:14","guid":{"rendered":"https:\/\/www.marina-holyder.com\/?page_id=3234"},"modified":"2024-10-03T09:01:57","modified_gmt":"2024-10-03T07:01:57","slug":"home","status":"publish","type":"page","link":"https:\/\/www.marina-holyder.com\/de\/","title":{"rendered":"Home"},"content":{"rendered":"<div class=\"under-slider-list-container\">\n<ul class=\"under-slider-list\">\n<li><a href=\"https:\/\/www.marina-holyder.com\/de\/ferienanlage\/\"><img decoding=\"async\" src=\"https:\/\/www.marina-holyder.com\/wp-content\/uploads\/2014\/02\/vacances-en-famille.png\" alt=\"Vacances en famille Lac du der\" \/>FAMILIENURLAUB <\/a><\/li>\n<li><a href=\"https:\/\/www.marina-holyder.com\/de\/seminare\/\"><img decoding=\"async\" src=\"https:\/\/www.marina-holyder.com\/wp-content\/uploads\/2014\/02\/seminaires.png\" alt=\"S\u00e9minaires Lac du der\" \/>SEMINARE<\/a><\/li>\n<li><a href=\"https:\/\/www.marina-holyder.com\/de\/restaurant\/\"><img decoding=\"async\" src=\"https:\/\/www.marina-holyder.com\/wp-content\/uploads\/2014\/02\/restauration-sur-place.png\" alt=\"Restaurant Lac du der\" \/>RESTAURANT<\/a><\/li>\n<li><a href=\"https:\/\/www.marina-holyder.com\/de\/freizeitaktivitaten\/\"><img decoding=\"async\" src=\"https:\/\/www.marina-holyder.com\/wp-content\/uploads\/2014\/02\/bonnes-affaires.png\" alt=\"Promotions Lac du der\" \/>FREIZEITAKTIVIT\u00c4TEN <\/a><\/li>\n<li><a href=\"https:\/\/www.marina-holyder.com\/de\/ferienanlage\/#piscine\"><img decoding=\"async\" src=\"https:\/\/www.marina-holyder.com\/wp-content\/uploads\/2014\/02\/piscine-sauna-hammam.png\" alt=\"Piscine Lac du der\" \/>SWIMMINGPOOL, SAUNA, HAMMAM<\/a><\/li>\n<li><a href=\"https:\/\/www.marina-holyder.com\/de\/ferienanlage\/\"><img decoding=\"async\" src=\"https:\/\/www.marina-holyder.com\/wp-content\/uploads\/2014\/02\/residence.png\" alt=\"R\u00e9sidence Lac du der\" \/>ENTDECKE DIE RESIDENZ<\/a><\/li>\n<\/ul>\n<\/div>\n<h1>Ferienanlage Marina Holyder<\/h1>\n<h2>Vermietung von Ferienh\u00e4usern am See \u00ab Lac du Der \u00bb<\/h2>\n<div class=\"one_third\">\n<a href=\"https:\/\/www.marina-holyder.com\/de\/freizeitaktivitaten\/\"><img loading=\"lazy\" decoding=\"async\" class=\"aligncenter size-full wp-image-7502\" src=\"https:\/\/www.marina-holyder.com\/wp-content\/uploads\/2014\/02\/home01-lac-duder.jpg\" alt=\"Lac du der\" width=\"450\" height=\"300\" srcset=\"https:\/\/www.marina-holyder.com\/wp-content\/uploads\/2014\/02\/home01-lac-duder.jpg 450w, https:\/\/www.marina-holyder.com\/wp-content\/uploads\/2014\/02\/home01-lac-duder-300x200.jpg 300w\" sizes=\"auto, (max-width: 450px) 100vw, 450px\" \/><\/a><\/p>\n<h3 style=\"color: #a0c132; line-height: 0.9;\">Lernen Sie den Lac du Der kennen<\/h3>\n<p style=\"text-align: justify;\">Mit 48 km\u00b2 Wasserfl\u00e4che der gr\u00f6\u00dfte k\u00fcnstliche See in Westeuropa ! Der Lac du Der ist auch weltweit als bedeutendes Vogelschutzgebiet bekannt. Vor allem auch als Zwischenstopp der Kraniche bei ihren j\u00e4hrlichen Wanderungen. Ein tolles Schauspiel, das man nicht verpassen sollte!<\/p>\n<p><a class=\"btnV01 btnV01-secondary\" href=\"https:\/\/www.marina-holyder.com\/de\/freizeitaktivitaten\/\">Mehr dazu<\/a><br \/>\n<a name=\"home\"><\/a><br \/>\n<\/div>\n<div class=\"one_third\">\n<a href=\"https:\/\/www.marina-holyder.com\/de\/ferienanlage\/\"><img loading=\"lazy\" decoding=\"async\" class=\"aligncenter size-full wp-image-7503\" src=\"https:\/\/www.marina-holyder.com\/wp-content\/uploads\/2014\/02\/home02-lac-duder.jpg\" alt=\"R\u00e9sidence Marina Holyder Lac du der\" width=\"450\" height=\"300\" srcset=\"https:\/\/www.marina-holyder.com\/wp-content\/uploads\/2014\/02\/home02-lac-duder.jpg 450w, https:\/\/www.marina-holyder.com\/wp-content\/uploads\/2014\/02\/home02-lac-duder-300x200.jpg 300w\" sizes=\"auto, (max-width: 450px) 100vw, 450px\" \/><\/a><\/p>\n<h3 style=\"color: #cf3a93; line-height: 0.9;\">Eine Ferienanlage mit einzigartiger Atmosph\u00e4re<\/h3>\n<p style=\"text-align: justify;\">Die Ferienanlage ist f\u00fcr Entspannung, Komfort und Lebensfreude konzipiert (mit einem Hauch von Camping-Atmosph\u00e4re). Bunte H\u00e4user, mit einer harmonischen Verbindung von lebendigen Farben und Fensterl\u00e4den aus Holz in Pastellt\u00f6nen, mit einer warmen Atmosph\u00e4re im Innern durch die Verwendung von Naturh\u00f6lzern. Ferienh\u00e4user, die es zu entdecken gilt !<\/p>\n<p><a class=\"btnR01 btnR01-secondary\" href=\"https:\/\/www.marina-holyder.com\/de\/ferienanlage\/\">Mehr dazu<\/a><br \/>\n<\/div>\n<div class=\"one_third last_column\">\n<a href=\"https:\/\/www.marina-holyder.com\/de\/freizeitaktivitaten\/\"><img loading=\"lazy\" decoding=\"async\" class=\"aligncenter size-full wp-image-7504\" src=\"https:\/\/www.marina-holyder.com\/wp-content\/uploads\/2024\/10\/activite_marina_holyder.jpg\" alt=\"Activit\u00e9s Lac du der\" width=\"450\" height=\"300\" \/><\/a><\/p>\n<h3 style=\"color: #5fb7b7; line-height: 0.9;\">Aktivit\u00e4ten f\u00fcr alle !<\/h3>\n<p style=\"text-align: justify;\">Segeln, Windsurfen, Katamaran-Segeln, Kanu\/Kajak, Wasserski, Jet-Ski, Wandern, Mountainbiken, Orientierungslauf, Radfahren, Tennis, Bogenschie\u00dfen, Kletterwand, Basketball, Strand, Tretbootverleih, Minigolf , Spiele f\u00fcr Kinder, Mini-Bahn \u2026.<\/p>\n<p><a class=\"btnB01 btnB01-secondary\" href=\"https:\/\/www.marina-holyder.com\/de\/freizeitaktivitaten\/\">Mehr dazu<\/a><br \/>\n<\/div>\n<div class=\"clear\"><\/div>\n<p>&nbsp;<\/p>\n","protected":false},"excerpt":{"rendered":"<p>FAMILIENURLAUB SEMINARE RESTAURANT FREIZEITAKTIVIT\u00c4TEN SWIMMINGPOOL, SAUNA, HAMMAM ENTDECKE DIE RESIDENZ Ferienanlage Marina Holyder Vermietung von Ferienh\u00e4usern am See \u00ab Lac du Der \u00bb &nbsp;<\/p>\n","protected":false},"author":2,"featured_media":0,"parent":0,"menu_order":0,"comment_status":"closed","ping_status":"closed","template":"page-FullWidth.php","meta":{"footnotes":""},"class_list":["post-3234","page","type-page","status-publish","hentry"],"yoast_head":"<!-- This site is optimized with the Yoast SEO plugin v27.4 - https:\/\/yoast.com\/product\/yoast-seo-wordpress\/ -->\n<title>Location Lac du Der - R\u00e9sidence Marina Holyder Vermietung des Sees von der<\/title>\n<meta name=\"robots\" content=\"index, follow, max-snippet:-1, max-image-preview:large, max-video-preview:-1\" \/>\n<link rel=\"canonical\" href=\"https:\/\/www.marina-holyder.com\/de\/\" \/>\n<meta property=\"og:locale\" content=\"de_DE\" \/>\n<meta property=\"og:type\" content=\"article\" \/>\n<meta property=\"og:title\" content=\"Location Lac du Der - R\u00e9sidence Marina Holyder Vermietung des Sees von der\" \/>\n<meta property=\"og:description\" content=\"FAMILIENURLAUB SEMINARE RESTAURANT FREIZEITAKTIVIT\u00c4TEN SWIMMINGPOOL, SAUNA, HAMMAM ENTDECKE DIE RESIDENZ Ferienanlage Marina Holyder Vermietung von Ferienh\u00e4usern am See \u00ab Lac du Der \u00bb &nbsp;\" \/>\n<meta property=\"og:url\" content=\"https:\/\/www.marina-holyder.com\/de\/\" \/>\n<meta property=\"og:site_name\" content=\"Location Lac du Der - R\u00e9sidence Marina Holyder\" \/>\n<meta property=\"article:modified_time\" content=\"2024-10-03T07:01:57+00:00\" \/>\n<meta property=\"og:image\" content=\"https:\/\/www.marina-holyder.com\/wp-content\/uploads\/2014\/02\/vacances-en-famille.png\" \/>\n<meta name=\"twitter:card\" content=\"summary_large_image\" \/>\n<meta name=\"twitter:label1\" content=\"Gesch\u00e4tzte Lesezeit\" \/>\n\t<meta name=\"twitter:data1\" content=\"3\u00a0Minuten\" \/>\n<script type=\"application\/ld+json\" class=\"yoast-schema-graph\">{\"@context\":\"https:\\\/\\\/schema.org\",\"@graph\":[{\"@type\":\"WebPage\",\"@id\":\"https:\\\/\\\/www.marina-holyder.com\\\/de\\\/\",\"url\":\"https:\\\/\\\/www.marina-holyder.com\\\/de\\\/\",\"name\":\"Location Lac du Der - R\u00e9sidence Marina Holyder Vermietung des Sees von der\",\"isPartOf\":{\"@id\":\"https:\\\/\\\/www.marina-holyder.com\\\/#website\"},\"primaryImageOfPage\":{\"@id\":\"https:\\\/\\\/www.marina-holyder.com\\\/de\\\/#primaryimage\"},\"image\":{\"@id\":\"https:\\\/\\\/www.marina-holyder.com\\\/de\\\/#primaryimage\"},\"thumbnailUrl\":\"https:\\\/\\\/www.marina-holyder.com\\\/wp-content\\\/uploads\\\/2014\\\/02\\\/vacances-en-famille.png\",\"datePublished\":\"2014-10-29T14:15:14+00:00\",\"dateModified\":\"2024-10-03T07:01:57+00:00\",\"breadcrumb\":{\"@id\":\"https:\\\/\\\/www.marina-holyder.com\\\/de\\\/#breadcrumb\"},\"inLanguage\":\"de\",\"potentialAction\":[{\"@type\":\"ReadAction\",\"target\":[\"https:\\\/\\\/www.marina-holyder.com\\\/de\\\/\"]}]},{\"@type\":\"ImageObject\",\"inLanguage\":\"de\",\"@id\":\"https:\\\/\\\/www.marina-holyder.com\\\/de\\\/#primaryimage\",\"url\":\"https:\\\/\\\/www.marina-holyder.com\\\/wp-content\\\/uploads\\\/2014\\\/02\\\/vacances-en-famille.png\",\"contentUrl\":\"https:\\\/\\\/www.marina-holyder.com\\\/wp-content\\\/uploads\\\/2014\\\/02\\\/vacances-en-famille.png\"},{\"@type\":\"BreadcrumbList\",\"@id\":\"https:\\\/\\\/www.marina-holyder.com\\\/de\\\/#breadcrumb\",\"itemListElement\":[{\"@type\":\"ListItem\",\"position\":1,\"name\":\"Accueil\",\"item\":\"https:\\\/\\\/www.marina-holyder.com\\\/de\\\/\"},{\"@type\":\"ListItem\",\"position\":2,\"name\":\"Home\"}]},{\"@type\":\"WebSite\",\"@id\":\"https:\\\/\\\/www.marina-holyder.com\\\/#website\",\"url\":\"https:\\\/\\\/www.marina-holyder.com\\\/\",\"name\":\"Location Lac du Der - R\u00e9sidence Marina Holyder\",\"description\":\"Locations de vacances au bord du lac du Der\",\"potentialAction\":[{\"@type\":\"SearchAction\",\"target\":{\"@type\":\"EntryPoint\",\"urlTemplate\":\"https:\\\/\\\/www.marina-holyder.com\\\/?s={search_term_string}\"},\"query-input\":{\"@type\":\"PropertyValueSpecification\",\"valueRequired\":true,\"valueName\":\"search_term_string\"}}],\"inLanguage\":\"de\"}]}<\/script>\n<!-- \/ Yoast SEO plugin. -->","yoast_head_json":{"title":"Location Lac du Der - R\u00e9sidence Marina Holyder Vermietung des Sees von der","robots":{"index":"index","follow":"follow","max-snippet":"max-snippet:-1","max-image-preview":"max-image-preview:large","max-video-preview":"max-video-preview:-1"},"canonical":"https:\/\/www.marina-holyder.com\/de\/","og_locale":"de_DE","og_type":"article","og_title":"Location Lac du Der - R\u00e9sidence Marina Holyder Vermietung des Sees von der","og_description":"FAMILIENURLAUB SEMINARE RESTAURANT FREIZEITAKTIVIT\u00c4TEN SWIMMINGPOOL, SAUNA, HAMMAM ENTDECKE DIE RESIDENZ Ferienanlage Marina Holyder Vermietung von Ferienh\u00e4usern am See \u00ab Lac du Der \u00bb &nbsp;","og_url":"https:\/\/www.marina-holyder.com\/de\/","og_site_name":"Location Lac du Der - R\u00e9sidence Marina Holyder","article_modified_time":"2024-10-03T07:01:57+00:00","og_image":[{"url":"https:\/\/www.marina-holyder.com\/wp-content\/uploads\/2014\/02\/vacances-en-famille.png","type":"","width":"","height":""}],"twitter_card":"summary_large_image","twitter_misc":{"Gesch\u00e4tzte Lesezeit":"3\u00a0Minuten"},"schema":{"@context":"https:\/\/schema.org","@graph":[{"@type":"WebPage","@id":"https:\/\/www.marina-holyder.com\/de\/","url":"https:\/\/www.marina-holyder.com\/de\/","name":"Location Lac du Der - R\u00e9sidence Marina Holyder Vermietung des Sees von der","isPartOf":{"@id":"https:\/\/www.marina-holyder.com\/#website"},"primaryImageOfPage":{"@id":"https:\/\/www.marina-holyder.com\/de\/#primaryimage"},"image":{"@id":"https:\/\/www.marina-holyder.com\/de\/#primaryimage"},"thumbnailUrl":"https:\/\/www.marina-holyder.com\/wp-content\/uploads\/2014\/02\/vacances-en-famille.png","datePublished":"2014-10-29T14:15:14+00:00","dateModified":"2024-10-03T07:01:57+00:00","breadcrumb":{"@id":"https:\/\/www.marina-holyder.com\/de\/#breadcrumb"},"inLanguage":"de","potentialAction":[{"@type":"ReadAction","target":["https:\/\/www.marina-holyder.com\/de\/"]}]},{"@type":"ImageObject","inLanguage":"de","@id":"https:\/\/www.marina-holyder.com\/de\/#primaryimage","url":"https:\/\/www.marina-holyder.com\/wp-content\/uploads\/2014\/02\/vacances-en-famille.png","contentUrl":"https:\/\/www.marina-holyder.com\/wp-content\/uploads\/2014\/02\/vacances-en-famille.png"},{"@type":"BreadcrumbList","@id":"https:\/\/www.marina-holyder.com\/de\/#breadcrumb","itemListElement":[{"@type":"ListItem","position":1,"name":"Accueil","item":"https:\/\/www.marina-holyder.com\/de\/"},{"@type":"ListItem","position":2,"name":"Home"}]},{"@type":"WebSite","@id":"https:\/\/www.marina-holyder.com\/#website","url":"https:\/\/www.marina-holyder.com\/","name":"Location Lac du Der - R\u00e9sidence Marina Holyder","description":"Locations de vacances au bord du lac du Der","potentialAction":[{"@type":"SearchAction","target":{"@type":"EntryPoint","urlTemplate":"https:\/\/www.marina-holyder.com\/?s={search_term_string}"},"query-input":{"@type":"PropertyValueSpecification","valueRequired":true,"valueName":"search_term_string"}}],"inLanguage":"de"}]}},"_links":{"self":[{"href":"https:\/\/www.marina-holyder.com\/de\/wp-json\/wp\/v2\/pages\/3234","targetHints":{"allow":["GET"]}}],"collection":[{"href":"https:\/\/www.marina-holyder.com\/de\/wp-json\/wp\/v2\/pages"}],"about":[{"href":"https:\/\/www.marina-holyder.com\/de\/wp-json\/wp\/v2\/types\/page"}],"author":[{"embeddable":true,"href":"https:\/\/www.marina-holyder.com\/de\/wp-json\/wp\/v2\/users\/2"}],"replies":[{"embeddable":true,"href":"https:\/\/www.marina-holyder.com\/de\/wp-json\/wp\/v2\/comments?post=3234"}],"version-history":[{"count":13,"href":"https:\/\/www.marina-holyder.com\/de\/wp-json\/wp\/v2\/pages\/3234\/revisions"}],"predecessor-version":[{"id":13265,"href":"https:\/\/www.marina-holyder.com\/de\/wp-json\/wp\/v2\/pages\/3234\/revisions\/13265"}],"wp:attachment":[{"href":"https:\/\/www.marina-holyder.com\/de\/wp-json\/wp\/v2\/media?parent=3234"}],"curies":[{"name":"wp","href":"https:\/\/api.w.org\/{rel}","templated":true}]}}